{"id":734,"date":"2026-02-24T15:27:51","date_gmt":"2026-02-24T15:27:51","guid":{"rendered":"https:\/\/maisonmaj.fr\/?page_id=734"},"modified":"2026-02-24T15:27:51","modified_gmt":"2026-02-24T15:27:51","slug":"politique-de-confidentialite","status":"publish","type":"page","link":"https:\/\/maisonmaj.fr\/index.php\/politique-de-confidentialite\/","title":{"rendered":"Politique de Confidentialit\u00e9"},"content":{"rendered":"<p>[et_pb_section fb_built=\u00a0\u00bb1&Prime; theme_builder_area=\u00a0\u00bbpost_content\u00a0\u00bb _builder_version=\u00a0\u00bb4.20.2&Prime; _module_preset=\u00a0\u00bbdefault\u00a0\u00bb][et_pb_row _builder_version=\u00a0\u00bb4.20.2&Prime; _module_preset=\u00a0\u00bbdefault\u00a0\u00bb theme_builder_area=\u00a0\u00bbpost_content\u00a0\u00bb][et_pb_column _builder_version=\u00a0\u00bb4.20.2&Prime; _module_preset=\u00a0\u00bbdefault\u00a0\u00bb type=\u00a0\u00bb4_4&Prime; theme_builder_area=\u00a0\u00bbpost_content\u00a0\u00bb][et_pb_text _builder_version=\u00a0\u00bb4.20.2&Prime; _module_preset=\u00a0\u00bbdefault\u00a0\u00bb theme_builder_area=\u00a0\u00bbpost_content\u00a0\u00bb hover_enabled=\u00a0\u00bb0&Prime; sticky_enabled=\u00a0\u00bb0&Prime;]<\/p>\n<h2 data-start=\"236\" data-end=\"267\">POLITIQUE DE CONFIDENTIALIT\u00c9<\/h2>\n<p data-start=\"269\" data-end=\"480\">La pr\u00e9sente Politique de confidentialit\u00e9 a pour objectif d\u2019informer les utilisateurs du site <a data-start=\"362\" data-end=\"378\" rel=\"noopener\" target=\"_new\" class=\"decorated-link\" href=\"http:\/\/www.maisonmaj.fr\">www.maisonmaj.fr<span aria-hidden=\"true\" class=\"ms-0.5 inline-block align-middle leading-none\"><svg xmlns=\"http:\/\/www.w3.org\/2000\/svg\" width=\"20\" height=\"20\" aria-hidden=\"true\" data-rtl-flip=\"\" class=\"block h-[0.75em] w-[0.75em] stroke-current stroke-[0.75]\"><use href=\"\/cdn\/assets\/sprites-core-bfiuxdzr.svg#304883\" fill=\"currentColor\"><\/use><\/svg><\/span><\/a> de la mani\u00e8re dont leurs donn\u00e9es personnelles sont collect\u00e9es, utilis\u00e9es et prot\u00e9g\u00e9es par Maison M\u00e4J.<\/p>\n<p data-start=\"482\" data-end=\"741\">Maison M\u00e4J s\u2019engage \u00e0 respecter la confidentialit\u00e9 des donn\u00e9es personnelles et \u00e0 les traiter dans le respect de la r\u00e9glementation applicable, notamment le R\u00e8glement G\u00e9n\u00e9ral sur la Protection des Donn\u00e9es (RGPD \u2013 UE 2016\/679) et la loi Informatique et Libert\u00e9s.<\/p>\n<hr data-start=\"743\" data-end=\"746\" \/>\n<h3 data-start=\"748\" data-end=\"792\">1. Responsable du traitement des donn\u00e9es<\/h3>\n<p data-start=\"794\" data-end=\"828\">Le responsable du traitement est :<\/p>\n<p data-start=\"830\" data-end=\"1029\"><strong data-start=\"830\" data-end=\"844\">Maison M\u00e4J<\/strong><br data-start=\"844\" data-end=\"847\" \/>SARL au capital social de 10 000 \u20ac<br data-start=\"881\" data-end=\"884\" \/>SIRET : 529 127 615 00019<br data-start=\"909\" data-end=\"912\" \/>Si\u00e8ge social : 40 rue les Clus, 74970 Marignier<br data-start=\"959\" data-end=\"962\" \/>Email : <a data-start=\"970\" data-end=\"998\" class=\"decorated-link cursor-pointer\" rel=\"noopener\">maj.maisondebeaute@gmail.com<span aria-hidden=\"true\" class=\"ms-0.5 inline-block align-middle leading-none\"><svg xmlns=\"http:\/\/www.w3.org\/2000\/svg\" width=\"20\" height=\"20\" aria-hidden=\"true\" data-rtl-flip=\"\" class=\"block h-[0.75em] w-[0.75em] stroke-current stroke-[0.75]\"><use href=\"\/cdn\/assets\/sprites-core-bfiuxdzr.svg#304883\" fill=\"currentColor\"><\/use><\/svg><\/span><\/a><br data-start=\"998\" data-end=\"1001\" \/>T\u00e9l\u00e9phone : 04 57 44 50 09<\/p>\n<p data-start=\"1031\" data-end=\"1086\">Repr\u00e9sent\u00e9e par : Gu\u00e9rin Marine &amp; Mo\u00ebnne Loccoz Joanne.<\/p>\n<hr data-start=\"1088\" data-end=\"1091\" \/>\n<h3 data-start=\"1093\" data-end=\"1118\">2. Donn\u00e9es collect\u00e9es<\/h3>\n<p data-start=\"1120\" data-end=\"1182\">Maison M\u00e4J peut collecter les donn\u00e9es personnelles suivantes :<\/p>\n<ul data-start=\"1184\" data-end=\"1491\">\n<li data-start=\"1184\" data-end=\"1201\">\n<p data-start=\"1186\" data-end=\"1201\">Nom et pr\u00e9nom<\/p>\n<\/li>\n<li data-start=\"1202\" data-end=\"1219\">\n<p data-start=\"1204\" data-end=\"1219\">Adresse email<\/p>\n<\/li>\n<li data-start=\"1220\" data-end=\"1243\">\n<p data-start=\"1222\" data-end=\"1243\">Num\u00e9ro de t\u00e9l\u00e9phone<\/p>\n<\/li>\n<li data-start=\"1244\" data-end=\"1280\">\n<p data-start=\"1246\" data-end=\"1280\">Adresse postale (le cas \u00e9ch\u00e9ant)<\/p>\n<\/li>\n<li data-start=\"1281\" data-end=\"1335\">\n<p data-start=\"1283\" data-end=\"1335\">Informations n\u00e9cessaires \u00e0 la prise de rendez-vous<\/p>\n<\/li>\n<li data-start=\"1336\" data-end=\"1388\">\n<p data-start=\"1338\" data-end=\"1388\">Informations relatives aux prestations r\u00e9alis\u00e9es<\/p>\n<\/li>\n<li data-start=\"1389\" data-end=\"1415\">\n<p data-start=\"1391\" data-end=\"1415\">Donn\u00e9es de facturation<\/p>\n<\/li>\n<li data-start=\"1416\" data-end=\"1491\">\n<p data-start=\"1418\" data-end=\"1491\">Informations communiqu\u00e9es volontairement via les formulaires de contact<\/p>\n<\/li>\n<\/ul>\n<p data-start=\"1493\" data-end=\"1613\">Aucune donn\u00e9e sensible (sant\u00e9, origine ethnique, opinions politiques, etc.) n\u2019est collect\u00e9e sans consentement explicite.<\/p>\n<hr data-start=\"1615\" data-end=\"1618\" \/>\n<h3 data-start=\"1620\" data-end=\"1650\">3. Finalit\u00e9s du traitement<\/h3>\n<p data-start=\"1652\" data-end=\"1723\">Les donn\u00e9es personnelles sont collect\u00e9es pour les finalit\u00e9s suivantes :<\/p>\n<ul data-start=\"1725\" data-end=\"2032\">\n<li data-start=\"1725\" data-end=\"1771\">\n<p data-start=\"1727\" data-end=\"1771\">Gestion des rendez-vous et des prestations<\/p>\n<\/li>\n<li data-start=\"1772\" data-end=\"1805\">\n<p data-start=\"1774\" data-end=\"1805\">Gestion de la relation client<\/p>\n<\/li>\n<li data-start=\"1806\" data-end=\"1837\">\n<p data-start=\"1808\" data-end=\"1837\">Facturation et comptabilit\u00e9<\/p>\n<\/li>\n<li data-start=\"1838\" data-end=\"1910\">\n<p data-start=\"1840\" data-end=\"1910\">Communication avec les clients (confirmation, rappels, informations)<\/p>\n<\/li>\n<li data-start=\"1911\" data-end=\"1939\">\n<p data-start=\"1913\" data-end=\"1939\">Gestion des bons cadeaux<\/p>\n<\/li>\n<li data-start=\"1940\" data-end=\"1978\">\n<p data-start=\"1942\" data-end=\"1978\">Am\u00e9lioration des services propos\u00e9s<\/p>\n<\/li>\n<li data-start=\"1979\" data-end=\"2032\">\n<p data-start=\"1981\" data-end=\"2032\">Respect des obligations l\u00e9gales et r\u00e9glementaires<\/p>\n<\/li>\n<\/ul>\n<hr data-start=\"2034\" data-end=\"2037\" \/>\n<h3 data-start=\"2039\" data-end=\"2071\">4. Base l\u00e9gale du traitement<\/h3>\n<p data-start=\"2073\" data-end=\"2111\">Le traitement des donn\u00e9es repose sur :<\/p>\n<ul data-start=\"2113\" data-end=\"2314\">\n<li data-start=\"2113\" data-end=\"2202\">\n<p data-start=\"2115\" data-end=\"2202\">L\u2019ex\u00e9cution d\u2019un contrat (prise de rendez-vous, achat de prestation ou de bon cadeau)<\/p>\n<\/li>\n<li data-start=\"2203\" data-end=\"2272\">\n<p data-start=\"2205\" data-end=\"2272\">Le consentement de l\u2019utilisateur (formulaire de contact, cookies)<\/p>\n<\/li>\n<li data-start=\"2273\" data-end=\"2314\">\n<p data-start=\"2275\" data-end=\"2314\">Les obligations l\u00e9gales de Maison M\u00e4J<\/p>\n<\/li>\n<\/ul>\n<hr data-start=\"2316\" data-end=\"2319\" \/>\n<h3 data-start=\"2321\" data-end=\"2361\">5. Dur\u00e9e de conservation des donn\u00e9es<\/h3>\n<p data-start=\"2363\" data-end=\"2499\">Les donn\u00e9es personnelles sont conserv\u00e9es uniquement pendant la dur\u00e9e n\u00e9cessaire aux finalit\u00e9s pour lesquelles elles ont \u00e9t\u00e9 collect\u00e9es :<\/p>\n<ul data-start=\"2501\" data-end=\"2758\">\n<li data-start=\"2501\" data-end=\"2608\">\n<p data-start=\"2503\" data-end=\"2608\">Donn\u00e9es clients : pendant la dur\u00e9e de la relation commerciale et jusqu\u2019\u00e0 3 ans apr\u00e8s le dernier contact<\/p>\n<\/li>\n<li data-start=\"2609\" data-end=\"2684\">\n<p data-start=\"2611\" data-end=\"2684\">Donn\u00e9es de facturation : 10 ans conform\u00e9ment aux obligations comptables<\/p>\n<\/li>\n<li data-start=\"2685\" data-end=\"2758\">\n<p data-start=\"2687\" data-end=\"2758\">Donn\u00e9es de contact : jusqu\u2019\u00e0 demande de suppression par l\u2019utilisateur<\/p>\n<\/li>\n<\/ul>\n<hr data-start=\"2760\" data-end=\"2763\" \/>\n<h3 data-start=\"2765\" data-end=\"2797\">6. Destinataires des donn\u00e9es<\/h3>\n<p data-start=\"2799\" data-end=\"2866\">Les donn\u00e9es personnelles sont destin\u00e9es exclusivement \u00e0 Maison M\u00e4J.<\/p>\n<p data-start=\"2868\" data-end=\"3104\">Elles peuvent \u00eatre transmises uniquement aux prestataires techniques n\u00e9cessaires au fonctionnement du site et \u00e0 la gestion des rendez-vous (h\u00e9bergeur, plateforme de r\u00e9servation, prestataire informatique), dans le strict respect du RGPD.<\/p>\n<p data-start=\"3106\" data-end=\"3161\">Aucune donn\u00e9e n\u2019est vendue, lou\u00e9e ou c\u00e9d\u00e9e \u00e0 des tiers.<\/p>\n<hr data-start=\"3163\" data-end=\"3166\" \/>\n<h3 data-start=\"3168\" data-end=\"3195\">7. S\u00e9curit\u00e9 des donn\u00e9es<\/h3>\n<p data-start=\"3197\" data-end=\"3436\">Maison M\u00e4J met en \u0153uvre toutes les mesures techniques et organisationnelles appropri\u00e9es afin de garantir la s\u00e9curit\u00e9 et la confidentialit\u00e9 des donn\u00e9es personnelles et d\u2019emp\u00eacher leur acc\u00e8s non autoris\u00e9, leur alt\u00e9ration ou leur divulgation.<\/p>\n<hr data-start=\"3438\" data-end=\"3441\" \/>\n<h3 data-start=\"3443\" data-end=\"3473\">8. Droits des utilisateurs<\/h3>\n<p data-start=\"3475\" data-end=\"3568\">Conform\u00e9ment \u00e0 la r\u00e9glementation en vigueur, chaque utilisateur dispose des droits suivants :<\/p>\n<ul data-start=\"3570\" data-end=\"3753\">\n<li data-start=\"3570\" data-end=\"3601\">\n<p data-start=\"3572\" data-end=\"3601\">Droit d\u2019acc\u00e8s \u00e0 ses donn\u00e9es<\/p>\n<\/li>\n<li data-start=\"3602\" data-end=\"3628\">\n<p data-start=\"3604\" data-end=\"3628\">Droit de rectification<\/p>\n<\/li>\n<li data-start=\"3629\" data-end=\"3651\">\n<p data-start=\"3631\" data-end=\"3651\">Droit d\u2019effacement<\/p>\n<\/li>\n<li data-start=\"3652\" data-end=\"3674\">\n<p data-start=\"3654\" data-end=\"3674\">Droit d\u2019opposition<\/p>\n<\/li>\n<li data-start=\"3675\" data-end=\"3714\">\n<p data-start=\"3677\" data-end=\"3714\">Droit \u00e0 la limitation du traitement<\/p>\n<\/li>\n<li data-start=\"3715\" data-end=\"3753\">\n<p data-start=\"3717\" data-end=\"3753\">Droit \u00e0 la portabilit\u00e9 des donn\u00e9es<\/p>\n<\/li>\n<\/ul>\n<p data-start=\"3755\" data-end=\"3868\">Pour exercer ces droits, l\u2019utilisateur peut adresser sa demande par email \u00e0 :<br data-start=\"3832\" data-end=\"3835\" \/>\ud83d\udce7 <a data-start=\"3838\" data-end=\"3866\" class=\"decorated-link cursor-pointer\" rel=\"noopener\">maj.maisondebeaute@gmail.com<span aria-hidden=\"true\" class=\"ms-0.5 inline-block align-middle leading-none\"><svg xmlns=\"http:\/\/www.w3.org\/2000\/svg\" width=\"20\" height=\"20\" aria-hidden=\"true\" data-rtl-flip=\"\" class=\"block h-[0.75em] w-[0.75em] stroke-current stroke-[0.75]\"><use href=\"\/cdn\/assets\/sprites-core-bfiuxdzr.svg#304883\" fill=\"currentColor\"><\/use><\/svg><\/span><\/a><\/p>\n<p data-start=\"3870\" data-end=\"3928\">Une r\u00e9ponse sera apport\u00e9e dans un d\u00e9lai maximum d\u2019un mois.<\/p>\n<hr data-start=\"3930\" data-end=\"3933\" \/>\n<h3 data-start=\"3935\" data-end=\"3949\">9. Cookies<\/h3>\n<p data-start=\"3951\" data-end=\"4093\">Le site <a data-start=\"3959\" data-end=\"3975\" rel=\"noopener\" target=\"_new\" class=\"decorated-link\" href=\"http:\/\/www.maisonmaj.fr\">www.maisonmaj.fr<span aria-hidden=\"true\" class=\"ms-0.5 inline-block align-middle leading-none\"><svg xmlns=\"http:\/\/www.w3.org\/2000\/svg\" width=\"20\" height=\"20\" aria-hidden=\"true\" data-rtl-flip=\"\" class=\"block h-[0.75em] w-[0.75em] stroke-current stroke-[0.75]\"><use href=\"\/cdn\/assets\/sprites-core-bfiuxdzr.svg#304883\" fill=\"currentColor\"><\/use><\/svg><\/span><\/a> peut utiliser des cookies afin d\u2019am\u00e9liorer l\u2019exp\u00e9rience utilisateur et de r\u00e9aliser des statistiques de fr\u00e9quentation.<\/p>\n<p data-start=\"4095\" data-end=\"4208\">L\u2019utilisateur peut accepter ou refuser les cookies via le bandeau pr\u00e9vu \u00e0 cet effet ou param\u00e9trer son navigateur.<\/p>\n<hr data-start=\"4210\" data-end=\"4213\" \/>\n<h3 data-start=\"4215\" data-end=\"4253\">10. Photographies et communication<\/h3>\n<p data-start=\"4255\" data-end=\"4429\">Les photographies \u00ab avant\/apr\u00e8s \u00bb ou tout contenu visuel impliquant un client ne peuvent \u00eatre utilis\u00e9s \u00e0 des fins de communication qu\u2019avec l\u2019accord \u00e9crit pr\u00e9alable du client.<\/p>\n<hr data-start=\"4431\" data-end=\"4434\" \/>\n<h3 data-start=\"4436\" data-end=\"4455\">11. R\u00e9clamation<\/h3>\n<p data-start=\"4457\" data-end=\"4594\">En cas de d\u00e9saccord concernant le traitement de ses donn\u00e9es personnelles, l\u2019utilisateur peut adresser une r\u00e9clamation aupr\u00e8s de la CNIL :<\/p>\n<p data-start=\"4596\" data-end=\"4702\">Commission Nationale de l\u2019Informatique et des Libert\u00e9s<br data-start=\"4650\" data-end=\"4653\" \/>3 Place de Fontenoy<br data-start=\"4672\" data-end=\"4675\" \/>75007 Paris<br data-start=\"4686\" data-end=\"4689\" \/><a data-start=\"4689\" data-end=\"4700\" rel=\"noopener\" target=\"_new\" class=\"decorated-link cursor-pointer\">www.cnil.fr<span aria-hidden=\"true\" class=\"ms-0.5 inline-block align-middle leading-none\"><svg xmlns=\"http:\/\/www.w3.org\/2000\/svg\" width=\"20\" height=\"20\" aria-hidden=\"true\" data-rtl-flip=\"\" class=\"block h-[0.75em] w-[0.75em] stroke-current stroke-[0.75]\"><use href=\"\/cdn\/assets\/sprites-core-bfiuxdzr.svg#304883\" fill=\"currentColor\"><\/use><\/svg><\/span><\/a><\/p>\n<hr data-start=\"4704\" data-end=\"4707\" \/>\n<h3 data-start=\"4709\" data-end=\"4764\">12. Modification de la politique de confidentialit\u00e9<\/h3>\n<p data-start=\"4766\" data-end=\"4920\">Maison M\u00e4J se r\u00e9serve le droit de modifier la pr\u00e9sente Politique de confidentialit\u00e9 \u00e0 tout moment afin de garantir sa conformit\u00e9 avec le droit en vigueur.<\/p>\n<p data-start=\"4922\" data-end=\"5003\">La version applicable est celle publi\u00e9e sur le site au moment de la consultation.<\/p>\n<p>[\/et_pb_text][\/et_pb_column][\/et_pb_row][\/et_pb_section]<\/p>\n","protected":false},"excerpt":{"rendered":"<p>POLITIQUE DE CONFIDENTIALIT\u00c9 La pr\u00e9sente Politique de confidentialit\u00e9 a pour objectif d\u2019informer les utilisateurs du site www.maisonmaj.fr de la mani\u00e8re dont leurs donn\u00e9es personnelles sont collect\u00e9es, utilis\u00e9es et prot\u00e9g\u00e9es par Maison M\u00e4J. Maison M\u00e4J s\u2019engage \u00e0 respecter la confidentialit\u00e9 des donn\u00e9es personnelles et \u00e0 les traiter dans le respect de la r\u00e9glementation applicable, notamment le [&hellip;]<\/p>\n","protected":false},"author":1,"featured_media":0,"parent":0,"menu_order":0,"comment_status":"closed","ping_status":"closed","template":"","meta":{"_et_pb_use_builder":"on","_et_pb_old_content":"","_et_gb_content_width":"","footnotes":""},"class_list":["post-734","page","type-page","status-publish","hentry"],"yoast_head":"<!-- This site is optimized with the Yoast SEO plugin v27.0 - https:\/\/yoast.com\/product\/yoast-seo-wordpress\/ -->\n<title>Politique de Confidentialit\u00e9 - Maison M\u00e4J<\/title>\n<meta name=\"robots\" content=\"index, follow, max-snippet:-1, max-image-preview:large, max-video-preview:-1\" \/>\n<link rel=\"canonical\" href=\"https:\/\/maisonmaj.fr\/index.php\/politique-de-confidentialite\/\" \/>\n<meta property=\"og:locale\" content=\"fr_FR\" \/>\n<meta property=\"og:type\" content=\"article\" \/>\n<meta property=\"og:title\" content=\"Politique de Confidentialit\u00e9 - Maison M\u00e4J\" \/>\n<meta property=\"og:description\" content=\"POLITIQUE DE CONFIDENTIALIT\u00c9 La pr\u00e9sente Politique de confidentialit\u00e9 a pour objectif d\u2019informer les utilisateurs du site www.maisonmaj.fr de la mani\u00e8re dont leurs donn\u00e9es personnelles sont collect\u00e9es, utilis\u00e9es et prot\u00e9g\u00e9es par Maison M\u00e4J. Maison M\u00e4J s\u2019engage \u00e0 respecter la confidentialit\u00e9 des donn\u00e9es personnelles et \u00e0 les traiter dans le respect de la r\u00e9glementation applicable, notamment le [&hellip;]\" \/>\n<meta property=\"og:url\" content=\"https:\/\/maisonmaj.fr\/index.php\/politique-de-confidentialite\/\" \/>\n<meta property=\"og:site_name\" content=\"Maison M\u00e4J\" \/>\n<meta name=\"twitter:card\" content=\"summary_large_image\" \/>\n<script type=\"application\/ld+json\" class=\"yoast-schema-graph\">{\"@context\":\"https:\/\/schema.org\",\"@graph\":[{\"@type\":\"WebPage\",\"@id\":\"https:\/\/maisonmaj.fr\/index.php\/politique-de-confidentialite\/\",\"url\":\"https:\/\/maisonmaj.fr\/index.php\/politique-de-confidentialite\/\",\"name\":\"Politique de Confidentialit\u00e9 - Maison M\u00e4J\",\"isPartOf\":{\"@id\":\"https:\/\/maisonmaj.fr\/#website\"},\"datePublished\":\"2026-02-24T15:27:51+00:00\",\"breadcrumb\":{\"@id\":\"https:\/\/maisonmaj.fr\/index.php\/politique-de-confidentialite\/#breadcrumb\"},\"inLanguage\":\"fr-FR\",\"potentialAction\":[{\"@type\":\"ReadAction\",\"target\":[\"https:\/\/maisonmaj.fr\/index.php\/politique-de-confidentialite\/\"]}]},{\"@type\":\"BreadcrumbList\",\"@id\":\"https:\/\/maisonmaj.fr\/index.php\/politique-de-confidentialite\/#breadcrumb\",\"itemListElement\":[{\"@type\":\"ListItem\",\"position\":1,\"name\":\"Accueil\",\"item\":\"https:\/\/maisonmaj.fr\/\"},{\"@type\":\"ListItem\",\"position\":2,\"name\":\"Politique de Confidentialit\u00e9\"}]},{\"@type\":\"WebSite\",\"@id\":\"https:\/\/maisonmaj.fr\/#website\",\"url\":\"https:\/\/maisonmaj.fr\/\",\"name\":\"Maison M\u00e4J\",\"description\":\"\",\"publisher\":{\"@id\":\"https:\/\/maisonmaj.fr\/#organization\"},\"potentialAction\":[{\"@type\":\"SearchAction\",\"target\":{\"@type\":\"EntryPoint\",\"urlTemplate\":\"https:\/\/maisonmaj.fr\/?s={search_term_string}\"},\"query-input\":{\"@type\":\"PropertyValueSpecification\",\"valueRequired\":true,\"valueName\":\"search_term_string\"}}],\"inLanguage\":\"fr-FR\"},{\"@type\":\"Organization\",\"@id\":\"https:\/\/maisonmaj.fr\/#organization\",\"name\":\"Maison M\u00e4J\",\"url\":\"https:\/\/maisonmaj.fr\/\",\"logo\":{\"@type\":\"ImageObject\",\"inLanguage\":\"fr-FR\",\"@id\":\"https:\/\/maisonmaj.fr\/#\/schema\/logo\/image\/\",\"url\":\"http:\/\/maisonmaj.fr\/wp-content\/uploads\/2025\/12\/SITE-MAJ-63.png\",\"contentUrl\":\"http:\/\/maisonmaj.fr\/wp-content\/uploads\/2025\/12\/SITE-MAJ-63.png\",\"width\":1366,\"height\":768,\"caption\":\"Maison M\u00e4J\"},\"image\":{\"@id\":\"https:\/\/maisonmaj.fr\/#\/schema\/logo\/image\/\"},\"sameAs\":[\"https:\/\/www.instagram.com\/maj.maisondebeaut\u00e9\"]}]}<\/script>\n<!-- \/ Yoast SEO plugin. -->","yoast_head_json":{"title":"Politique de Confidentialit\u00e9 - Maison M\u00e4J","robots":{"index":"index","follow":"follow","max-snippet":"max-snippet:-1","max-image-preview":"max-image-preview:large","max-video-preview":"max-video-preview:-1"},"canonical":"https:\/\/maisonmaj.fr\/index.php\/politique-de-confidentialite\/","og_locale":"fr_FR","og_type":"article","og_title":"Politique de Confidentialit\u00e9 - Maison M\u00e4J","og_description":"POLITIQUE DE CONFIDENTIALIT\u00c9 La pr\u00e9sente Politique de confidentialit\u00e9 a pour objectif d\u2019informer les utilisateurs du site www.maisonmaj.fr de la mani\u00e8re dont leurs donn\u00e9es personnelles sont collect\u00e9es, utilis\u00e9es et prot\u00e9g\u00e9es par Maison M\u00e4J. Maison M\u00e4J s\u2019engage \u00e0 respecter la confidentialit\u00e9 des donn\u00e9es personnelles et \u00e0 les traiter dans le respect de la r\u00e9glementation applicable, notamment le [&hellip;]","og_url":"https:\/\/maisonmaj.fr\/index.php\/politique-de-confidentialite\/","og_site_name":"Maison M\u00e4J","twitter_card":"summary_large_image","schema":{"@context":"https:\/\/schema.org","@graph":[{"@type":"WebPage","@id":"https:\/\/maisonmaj.fr\/index.php\/politique-de-confidentialite\/","url":"https:\/\/maisonmaj.fr\/index.php\/politique-de-confidentialite\/","name":"Politique de Confidentialit\u00e9 - Maison M\u00e4J","isPartOf":{"@id":"https:\/\/maisonmaj.fr\/#website"},"datePublished":"2026-02-24T15:27:51+00:00","breadcrumb":{"@id":"https:\/\/maisonmaj.fr\/index.php\/politique-de-confidentialite\/#breadcrumb"},"inLanguage":"fr-FR","potentialAction":[{"@type":"ReadAction","target":["https:\/\/maisonmaj.fr\/index.php\/politique-de-confidentialite\/"]}]},{"@type":"BreadcrumbList","@id":"https:\/\/maisonmaj.fr\/index.php\/politique-de-confidentialite\/#breadcrumb","itemListElement":[{"@type":"ListItem","position":1,"name":"Accueil","item":"https:\/\/maisonmaj.fr\/"},{"@type":"ListItem","position":2,"name":"Politique de Confidentialit\u00e9"}]},{"@type":"WebSite","@id":"https:\/\/maisonmaj.fr\/#website","url":"https:\/\/maisonmaj.fr\/","name":"Maison M\u00e4J","description":"","publisher":{"@id":"https:\/\/maisonmaj.fr\/#organization"},"potentialAction":[{"@type":"SearchAction","target":{"@type":"EntryPoint","urlTemplate":"https:\/\/maisonmaj.fr\/?s={search_term_string}"},"query-input":{"@type":"PropertyValueSpecification","valueRequired":true,"valueName":"search_term_string"}}],"inLanguage":"fr-FR"},{"@type":"Organization","@id":"https:\/\/maisonmaj.fr\/#organization","name":"Maison M\u00e4J","url":"https:\/\/maisonmaj.fr\/","logo":{"@type":"ImageObject","inLanguage":"fr-FR","@id":"https:\/\/maisonmaj.fr\/#\/schema\/logo\/image\/","url":"http:\/\/maisonmaj.fr\/wp-content\/uploads\/2025\/12\/SITE-MAJ-63.png","contentUrl":"http:\/\/maisonmaj.fr\/wp-content\/uploads\/2025\/12\/SITE-MAJ-63.png","width":1366,"height":768,"caption":"Maison M\u00e4J"},"image":{"@id":"https:\/\/maisonmaj.fr\/#\/schema\/logo\/image\/"},"sameAs":["https:\/\/www.instagram.com\/maj.maisondebeaut\u00e9"]}]}},"_links":{"self":[{"href":"https:\/\/maisonmaj.fr\/index.php\/wp-json\/wp\/v2\/pages\/734","targetHints":{"allow":["GET"]}}],"collection":[{"href":"https:\/\/maisonmaj.fr\/index.php\/wp-json\/wp\/v2\/pages"}],"about":[{"href":"https:\/\/maisonmaj.fr\/index.php\/wp-json\/wp\/v2\/types\/page"}],"author":[{"embeddable":true,"href":"https:\/\/maisonmaj.fr\/index.php\/wp-json\/wp\/v2\/users\/1"}],"replies":[{"embeddable":true,"href":"https:\/\/maisonmaj.fr\/index.php\/wp-json\/wp\/v2\/comments?post=734"}],"version-history":[{"count":2,"href":"https:\/\/maisonmaj.fr\/index.php\/wp-json\/wp\/v2\/pages\/734\/revisions"}],"predecessor-version":[{"id":736,"href":"https:\/\/maisonmaj.fr\/index.php\/wp-json\/wp\/v2\/pages\/734\/revisions\/736"}],"wp:attachment":[{"href":"https:\/\/maisonmaj.fr\/index.php\/wp-json\/wp\/v2\/media?parent=734"}],"curies":[{"name":"wp","href":"https:\/\/api.w.org\/{rel}","templated":true}]}}