{"id":730,"date":"2026-02-24T15:25:12","date_gmt":"2026-02-24T15:25:12","guid":{"rendered":"https:\/\/maisonmaj.fr\/?page_id=730"},"modified":"2026-02-24T15:27:02","modified_gmt":"2026-02-24T15:27:02","slug":"mentions-legales","status":"publish","type":"page","link":"https:\/\/maisonmaj.fr\/index.php\/mentions-legales\/","title":{"rendered":"Mentions L\u00e9gales"},"content":{"rendered":"<p>[et_pb_section fb_built=\u00a0\u00bb1&Prime; theme_builder_area=\u00a0\u00bbpost_content\u00a0\u00bb _builder_version=\u00a0\u00bb4.20.2&Prime; _module_preset=\u00a0\u00bbdefault\u00a0\u00bb][et_pb_row _builder_version=\u00a0\u00bb4.20.2&Prime; _module_preset=\u00a0\u00bbdefault\u00a0\u00bb theme_builder_area=\u00a0\u00bbpost_content\u00a0\u00bb][et_pb_column _builder_version=\u00a0\u00bb4.20.2&Prime; _module_preset=\u00a0\u00bbdefault\u00a0\u00bb type=\u00a0\u00bb4_4&Prime; theme_builder_area=\u00a0\u00bbpost_content\u00a0\u00bb][et_pb_text _builder_version=\u00a0\u00bb4.20.2&Prime; _module_preset=\u00a0\u00bbdefault\u00a0\u00bb theme_builder_area=\u00a0\u00bbpost_content\u00a0\u00bb hover_enabled=\u00a0\u00bb0&Prime; sticky_enabled=\u00a0\u00bb0&Prime;]<\/p>\n<h2 data-start=\"208\" data-end=\"227\">MENTIONS L\u00c9GALES<\/h2>\n<p data-start=\"229\" data-end=\"490\">Conform\u00e9ment aux dispositions des articles 6-III et 19 de la Loi pour la Confiance dans l\u2019\u00c9conomie Num\u00e9rique (LCEN), il est pr\u00e9cis\u00e9 aux utilisateurs du site <a data-start=\"386\" data-end=\"402\" rel=\"noopener\" target=\"_new\" class=\"decorated-link\" href=\"http:\/\/www.maisonmaj.fr\">www.maisonmaj.fr<span aria-hidden=\"true\" class=\"ms-0.5 inline-block align-middle leading-none\"><svg xmlns=\"http:\/\/www.w3.org\/2000\/svg\" width=\"20\" height=\"20\" aria-hidden=\"true\" data-rtl-flip=\"\" class=\"block h-[0.75em] w-[0.75em] stroke-current stroke-[0.75]\"><use href=\"\/cdn\/assets\/sprites-core-bfiuxdzr.svg#304883\" fill=\"currentColor\"><\/use><\/svg><\/span><\/a> l\u2019identit\u00e9 des diff\u00e9rents intervenants dans le cadre de sa r\u00e9alisation et de son suivi.<\/p>\n<h3 data-start=\"492\" data-end=\"514\">1. \u00c9diteur du site<\/h3>\n<p data-start=\"516\" data-end=\"547\">Le pr\u00e9sent site est \u00e9dit\u00e9 par :<\/p>\n<p data-start=\"549\" data-end=\"714\"><strong data-start=\"549\" data-end=\"563\">Maison M\u00e4J<\/strong><br data-start=\"563\" data-end=\"566\" \/>SARL au capital social de 10 000 \u20ac<br data-start=\"600\" data-end=\"603\" \/>Immatricul\u00e9e au RNE depuis le 22\/12\/2010<br data-start=\"643\" data-end=\"646\" \/>SIRET : 529 127 615 00019<br data-start=\"671\" data-end=\"674\" \/>TVA intracommunautaire : FR70529127615<\/p>\n<p data-start=\"716\" data-end=\"777\">Si\u00e8ge social :<br data-start=\"730\" data-end=\"733\" \/>40 rue les Clus<br data-start=\"748\" data-end=\"751\" \/>74970 Marignier \u2013 France<\/p>\n<p data-start=\"779\" data-end=\"846\">T\u00e9l\u00e9phone : 04 57 44 50 09<br data-start=\"805\" data-end=\"808\" \/>Email : <a data-start=\"816\" data-end=\"844\" class=\"decorated-link cursor-pointer\" rel=\"noopener\">maj.maisondebeaute@gmail.com<span aria-hidden=\"true\" class=\"ms-0.5 inline-block align-middle leading-none\"><svg xmlns=\"http:\/\/www.w3.org\/2000\/svg\" width=\"20\" height=\"20\" aria-hidden=\"true\" data-rtl-flip=\"\" class=\"block h-[0.75em] w-[0.75em] stroke-current stroke-[0.75]\"><use href=\"\/cdn\/assets\/sprites-core-bfiuxdzr.svg#304883\" fill=\"currentColor\"><\/use><\/svg><\/span><\/a><\/p>\n<p data-start=\"848\" data-end=\"947\">Repr\u00e9sent\u00e9e par :<br data-start=\"865\" data-end=\"868\" \/>Madame Gu\u00e9rin Marine et Madame Mo\u00ebnne Loccoz Joanne, fondatrices de Maison M\u00e4J.<\/p>\n<hr data-start=\"949\" data-end=\"952\" \/>\n<h3 data-start=\"954\" data-end=\"988\">2. Directeur de la publication<\/h3>\n<p data-start=\"990\" data-end=\"1119\">Le directeur de la publication est :<br data-start=\"1026\" data-end=\"1029\" \/>Maison M\u00e4J \u2013 Gu\u00e9rin Marine &amp; Mo\u00ebnne Loccoz Joanne<br data-start=\"1078\" data-end=\"1081\" \/>Email : <a data-start=\"1089\" data-end=\"1117\" class=\"decorated-link cursor-pointer\" rel=\"noopener\">maj.maisondebeaute@gmail.com<span aria-hidden=\"true\" class=\"ms-0.5 inline-block align-middle leading-none\"><svg xmlns=\"http:\/\/www.w3.org\/2000\/svg\" width=\"20\" height=\"20\" aria-hidden=\"true\" data-rtl-flip=\"\" class=\"block h-[0.75em] w-[0.75em] stroke-current stroke-[0.75]\"><use href=\"\/cdn\/assets\/sprites-core-bfiuxdzr.svg#304883\" fill=\"currentColor\"><\/use><\/svg><\/span><\/a><\/p>\n<hr data-start=\"1121\" data-end=\"1124\" \/>\n<h3 data-start=\"1126\" data-end=\"1152\">3. H\u00e9bergement du site<\/h3>\n<p data-start=\"1154\" data-end=\"1313\">Le site est h\u00e9berg\u00e9 par :<br data-start=\"1179\" data-end=\"1182\" \/><strong data-start=\"1182\" data-end=\"1243\">[\u00c0 compl\u00e9ter par l\u2019h\u00e9bergeur r\u00e9el : Hostinger, OVH, etc.]<\/strong><br data-start=\"1243\" data-end=\"1246\" \/>Nom de l\u2019h\u00e9bergeur : \u2026<br data-start=\"1268\" data-end=\"1271\" \/>Adresse : \u2026<br data-start=\"1282\" data-end=\"1285\" \/>T\u00e9l\u00e9phone : \u2026<br data-start=\"1298\" data-end=\"1301\" \/>Site web : \u2026<\/p>\n<hr data-start=\"1315\" data-end=\"1318\" \/>\n<h3 data-start=\"1320\" data-end=\"1351\">4. Propri\u00e9t\u00e9 intellectuelle<\/h3>\n<p data-start=\"1353\" data-end=\"1545\">L\u2019ensemble des contenus pr\u00e9sents sur le site <a data-start=\"1398\" data-end=\"1414\" rel=\"noopener\" target=\"_new\" class=\"decorated-link\" href=\"http:\/\/www.maisonmaj.fr\">www.maisonmaj.fr<span aria-hidden=\"true\" class=\"ms-0.5 inline-block align-middle leading-none\"><svg xmlns=\"http:\/\/www.w3.org\/2000\/svg\" width=\"20\" height=\"20\" aria-hidden=\"true\" data-rtl-flip=\"\" class=\"block h-[0.75em] w-[0.75em] stroke-current stroke-[0.75]\"><use href=\"\/cdn\/assets\/sprites-core-bfiuxdzr.svg#304883\" fill=\"currentColor\"><\/use><\/svg><\/span><\/a> (textes, images, graphismes, logo, vid\u00e9os, ic\u00f4nes, sons, etc.) est la propri\u00e9t\u00e9 exclusive de Maison M\u00e4J, sauf mentions contraires.<\/p>\n<p data-start=\"1547\" data-end=\"1773\">Toute reproduction, repr\u00e9sentation, modification, publication ou adaptation, totale ou partielle, de ces \u00e9l\u00e9ments, quel que soit le moyen ou le proc\u00e9d\u00e9 utilis\u00e9, est interdite sans l\u2019autorisation \u00e9crite pr\u00e9alable de Maison M\u00e4J.<\/p>\n<p data-start=\"1775\" data-end=\"1945\">Toute exploitation non autoris\u00e9e du site ou de l\u2019un quelconque de ses \u00e9l\u00e9ments constitue une contrefa\u00e7on pouvant engager la responsabilit\u00e9 civile et p\u00e9nale de son auteur.<\/p>\n<hr data-start=\"1947\" data-end=\"1950\" \/>\n<h3 data-start=\"1952\" data-end=\"1979\">5. Donn\u00e9es personnelles<\/h3>\n<p data-start=\"1981\" data-end=\"2193\">Les informations collect\u00e9es via le site (formulaire de contact, prise de rendez-vous, achat de bons cadeaux) sont n\u00e9cessaires \u00e0 la gestion des demandes clients, \u00e0 la facturation et au suivi de la relation client.<\/p>\n<p data-start=\"2195\" data-end=\"2340\">Maison M\u00e4J s\u2019engage \u00e0 assurer la confidentialit\u00e9 des donn\u00e9es personnelles conform\u00e9ment au R\u00e8glement G\u00e9n\u00e9ral sur la Protection des Donn\u00e9es (RGPD).<\/p>\n<p data-start=\"2342\" data-end=\"2514\">Conform\u00e9ment \u00e0 la r\u00e9glementation en vigueur, l\u2019utilisateur dispose d\u2019un droit d\u2019acc\u00e8s, de rectification, de suppression et d\u2019opposition concernant ses donn\u00e9es personnelles.<\/p>\n<p data-start=\"2516\" data-end=\"2598\">Toute demande peut \u00eatre adress\u00e9e par email \u00e0 :<br data-start=\"2562\" data-end=\"2565\" \/>\ud83d\udce7 <a data-start=\"2568\" data-end=\"2596\" class=\"decorated-link cursor-pointer\" rel=\"noopener\">maj.maisondebeaute@gmail.com<span aria-hidden=\"true\" class=\"ms-0.5 inline-block align-middle leading-none\"><svg xmlns=\"http:\/\/www.w3.org\/2000\/svg\" width=\"20\" height=\"20\" aria-hidden=\"true\" data-rtl-flip=\"\" class=\"block h-[0.75em] w-[0.75em] stroke-current stroke-[0.75]\"><use href=\"\/cdn\/assets\/sprites-core-bfiuxdzr.svg#304883\" fill=\"currentColor\"><\/use><\/svg><\/span><\/a><\/p>\n<p data-start=\"2600\" data-end=\"2663\">Les donn\u00e9es ne sont en aucun cas c\u00e9d\u00e9es ou vendues \u00e0 des tiers.<\/p>\n<hr data-start=\"2665\" data-end=\"2668\" \/>\n<h3 data-start=\"2670\" data-end=\"2684\">6. Cookies<\/h3>\n<p data-start=\"2686\" data-end=\"2802\">Le site peut \u00eatre amen\u00e9 \u00e0 utiliser des cookies afin d\u2019am\u00e9liorer l\u2019exp\u00e9rience utilisateur et \u00e0 des fins statistiques.<\/p>\n<p data-start=\"2804\" data-end=\"2889\">L\u2019utilisateur peut configurer son navigateur pour refuser tout ou partie des cookies.<\/p>\n<hr data-start=\"2891\" data-end=\"2894\" \/>\n<h3 data-start=\"2896\" data-end=\"2917\">7. Responsabilit\u00e9<\/h3>\n<p data-start=\"2919\" data-end=\"3136\">Maison M\u00e4J s\u2019efforce de fournir sur le site <a data-start=\"2963\" data-end=\"2979\" rel=\"noopener\" target=\"_new\" class=\"decorated-link\" href=\"http:\/\/www.maisonmaj.fr\">www.maisonmaj.fr<span aria-hidden=\"true\" class=\"ms-0.5 inline-block align-middle leading-none\"><svg xmlns=\"http:\/\/www.w3.org\/2000\/svg\" width=\"20\" height=\"20\" aria-hidden=\"true\" data-rtl-flip=\"\" class=\"block h-[0.75em] w-[0.75em] stroke-current stroke-[0.75]\"><use href=\"\/cdn\/assets\/sprites-core-bfiuxdzr.svg#304883\" fill=\"currentColor\"><\/use><\/svg><\/span><\/a> des informations aussi pr\u00e9cises que possible. Toutefois, elle ne pourra \u00eatre tenue responsable des omissions, inexactitudes ou carences dans la mise \u00e0 jour.<\/p>\n<p data-start=\"3138\" data-end=\"3230\">L\u2019utilisateur reconna\u00eet utiliser les informations fournies sous sa responsabilit\u00e9 exclusive.<\/p>\n<hr data-start=\"3232\" data-end=\"3235\" \/>\n<h3 data-start=\"3237\" data-end=\"3260\">8. Droit applicable<\/h3>\n<p data-start=\"3262\" data-end=\"3325\">Les pr\u00e9sentes mentions l\u00e9gales sont soumises au droit fran\u00e7ais.<\/p>\n<p data-start=\"3327\" data-end=\"3434\">En cas de litige, et apr\u00e8s tentative de r\u00e9solution amiable, les tribunaux fran\u00e7ais seront seuls comp\u00e9tents.<\/p>\n<hr data-start=\"3436\" data-end=\"3439\" \/>\n<h3 data-start=\"3441\" data-end=\"3455\">9. Contact<\/h3>\n<p data-start=\"3457\" data-end=\"3611\">Pour toute question relative aux mentions l\u00e9gales ou au site, vous pouvez contacter :<br data-start=\"3542\" data-end=\"3545\" \/>Maison M\u00e4J<br data-start=\"3555\" data-end=\"3558\" \/>\ud83d\udce7 <a data-start=\"3561\" data-end=\"3589\" class=\"decorated-link cursor-pointer\" rel=\"noopener\">maj.maisondebeaute@gmail.com<span aria-hidden=\"true\" class=\"ms-0.5 inline-block align-middle leading-none\"><svg xmlns=\"http:\/\/www.w3.org\/2000\/svg\" width=\"20\" height=\"20\" aria-hidden=\"true\" data-rtl-flip=\"\" class=\"block h-[0.75em] w-[0.75em] stroke-current stroke-[0.75]\"><use href=\"\/cdn\/assets\/sprites-core-bfiuxdzr.svg#304883\" fill=\"currentColor\"><\/use><\/svg><\/span><\/a><br data-start=\"3589\" data-end=\"3592\" \/>\ud83d\udcde 04 57 44 50 09<\/p>\n<p data-start=\"3613\" data-end=\"3703\">Site : <a data-start=\"3620\" data-end=\"3636\" rel=\"noopener\" target=\"_new\" class=\"decorated-link\" href=\"http:\/\/www.maisonmaj.fr\">www.maisonmaj.fr<span aria-hidden=\"true\" class=\"ms-0.5 inline-block align-middle leading-none\"><svg xmlns=\"http:\/\/www.w3.org\/2000\/svg\" width=\"20\" height=\"20\" aria-hidden=\"true\" data-rtl-flip=\"\" class=\"block h-[0.75em] w-[0.75em] stroke-current stroke-[0.75]\"><use href=\"\/cdn\/assets\/sprites-core-bfiuxdzr.svg#304883\" fill=\"currentColor\"><\/use><\/svg><\/span><\/a><br data-start=\"3636\" data-end=\"3639\" \/>Instagram : maj.maisondebeaute<br data-start=\"3669\" data-end=\"3672\" \/>Facebook : maj.maisondebeaute<\/p>\n<p>[\/et_pb_text][\/et_pb_column][\/et_pb_row][\/et_pb_section]<\/p>\n","protected":false},"excerpt":{"rendered":"<p>MENTIONS L\u00c9GALES Conform\u00e9ment aux dispositions des articles 6-III et 19 de la Loi pour la Confiance dans l\u2019\u00c9conomie Num\u00e9rique (LCEN), il est pr\u00e9cis\u00e9 aux utilisateurs du site www.maisonmaj.fr l\u2019identit\u00e9 des diff\u00e9rents intervenants dans le cadre de sa r\u00e9alisation et de son suivi. 1. \u00c9diteur du site Le pr\u00e9sent site est \u00e9dit\u00e9 par : Maison M\u00e4JSARL [&hellip;]<\/p>\n","protected":false},"author":1,"featured_media":0,"parent":0,"menu_order":0,"comment_status":"closed","ping_status":"closed","template":"","meta":{"_et_pb_use_builder":"on","_et_pb_old_content":"","_et_gb_content_width":"","footnotes":""},"class_list":["post-730","page","type-page","status-publish","hentry"],"yoast_head":"<!-- This site is optimized with the Yoast SEO plugin v27.0 - https:\/\/yoast.com\/product\/yoast-seo-wordpress\/ -->\n<title>Mentions L\u00e9gales - Maison M\u00e4J<\/title>\n<meta name=\"robots\" content=\"index, follow, max-snippet:-1, max-image-preview:large, max-video-preview:-1\" \/>\n<link rel=\"canonical\" href=\"http:\/\/maisonmaj.fr\/index.php\/mentions-legales\/\" \/>\n<meta property=\"og:locale\" content=\"fr_FR\" \/>\n<meta property=\"og:type\" content=\"article\" \/>\n<meta property=\"og:title\" content=\"Mentions L\u00e9gales - Maison M\u00e4J\" \/>\n<meta property=\"og:description\" content=\"MENTIONS L\u00c9GALES Conform\u00e9ment aux dispositions des articles 6-III et 19 de la Loi pour la Confiance dans l\u2019\u00c9conomie Num\u00e9rique (LCEN), il est pr\u00e9cis\u00e9 aux utilisateurs du site www.maisonmaj.fr l\u2019identit\u00e9 des diff\u00e9rents intervenants dans le cadre de sa r\u00e9alisation et de son suivi. 1. \u00c9diteur du site Le pr\u00e9sent site est \u00e9dit\u00e9 par : Maison M\u00e4JSARL [&hellip;]\" \/>\n<meta property=\"og:url\" content=\"http:\/\/maisonmaj.fr\/index.php\/mentions-legales\/\" \/>\n<meta property=\"og:site_name\" content=\"Maison M\u00e4J\" \/>\n<meta property=\"article:modified_time\" content=\"2026-02-24T15:27:02+00:00\" \/>\n<meta name=\"twitter:card\" content=\"summary_large_image\" \/>\n<script type=\"application\/ld+json\" class=\"yoast-schema-graph\">{\"@context\":\"https:\/\/schema.org\",\"@graph\":[{\"@type\":\"WebPage\",\"@id\":\"http:\/\/maisonmaj.fr\/index.php\/mentions-legales\/\",\"url\":\"http:\/\/maisonmaj.fr\/index.php\/mentions-legales\/\",\"name\":\"Mentions L\u00e9gales - Maison M\u00e4J\",\"isPartOf\":{\"@id\":\"https:\/\/maisonmaj.fr\/#website\"},\"datePublished\":\"2026-02-24T15:25:12+00:00\",\"dateModified\":\"2026-02-24T15:27:02+00:00\",\"breadcrumb\":{\"@id\":\"http:\/\/maisonmaj.fr\/index.php\/mentions-legales\/#breadcrumb\"},\"inLanguage\":\"fr-FR\",\"potentialAction\":[{\"@type\":\"ReadAction\",\"target\":[\"http:\/\/maisonmaj.fr\/index.php\/mentions-legales\/\"]}]},{\"@type\":\"BreadcrumbList\",\"@id\":\"http:\/\/maisonmaj.fr\/index.php\/mentions-legales\/#breadcrumb\",\"itemListElement\":[{\"@type\":\"ListItem\",\"position\":1,\"name\":\"Accueil\",\"item\":\"https:\/\/maisonmaj.fr\/\"},{\"@type\":\"ListItem\",\"position\":2,\"name\":\"Mentions L\u00e9gales\"}]},{\"@type\":\"WebSite\",\"@id\":\"https:\/\/maisonmaj.fr\/#website\",\"url\":\"https:\/\/maisonmaj.fr\/\",\"name\":\"Maison M\u00e4J\",\"description\":\"\",\"publisher\":{\"@id\":\"https:\/\/maisonmaj.fr\/#organization\"},\"potentialAction\":[{\"@type\":\"SearchAction\",\"target\":{\"@type\":\"EntryPoint\",\"urlTemplate\":\"https:\/\/maisonmaj.fr\/?s={search_term_string}\"},\"query-input\":{\"@type\":\"PropertyValueSpecification\",\"valueRequired\":true,\"valueName\":\"search_term_string\"}}],\"inLanguage\":\"fr-FR\"},{\"@type\":\"Organization\",\"@id\":\"https:\/\/maisonmaj.fr\/#organization\",\"name\":\"Maison M\u00e4J\",\"url\":\"https:\/\/maisonmaj.fr\/\",\"logo\":{\"@type\":\"ImageObject\",\"inLanguage\":\"fr-FR\",\"@id\":\"https:\/\/maisonmaj.fr\/#\/schema\/logo\/image\/\",\"url\":\"http:\/\/maisonmaj.fr\/wp-content\/uploads\/2025\/12\/SITE-MAJ-63.png\",\"contentUrl\":\"http:\/\/maisonmaj.fr\/wp-content\/uploads\/2025\/12\/SITE-MAJ-63.png\",\"width\":1366,\"height\":768,\"caption\":\"Maison M\u00e4J\"},\"image\":{\"@id\":\"https:\/\/maisonmaj.fr\/#\/schema\/logo\/image\/\"},\"sameAs\":[\"https:\/\/www.instagram.com\/maj.maisondebeaut\u00e9\"]}]}<\/script>\n<!-- \/ Yoast SEO plugin. -->","yoast_head_json":{"title":"Mentions L\u00e9gales - Maison M\u00e4J","robots":{"index":"index","follow":"follow","max-snippet":"max-snippet:-1","max-image-preview":"max-image-preview:large","max-video-preview":"max-video-preview:-1"},"canonical":"http:\/\/maisonmaj.fr\/index.php\/mentions-legales\/","og_locale":"fr_FR","og_type":"article","og_title":"Mentions L\u00e9gales - Maison M\u00e4J","og_description":"MENTIONS L\u00c9GALES Conform\u00e9ment aux dispositions des articles 6-III et 19 de la Loi pour la Confiance dans l\u2019\u00c9conomie Num\u00e9rique (LCEN), il est pr\u00e9cis\u00e9 aux utilisateurs du site www.maisonmaj.fr l\u2019identit\u00e9 des diff\u00e9rents intervenants dans le cadre de sa r\u00e9alisation et de son suivi. 1. \u00c9diteur du site Le pr\u00e9sent site est \u00e9dit\u00e9 par : Maison M\u00e4JSARL [&hellip;]","og_url":"http:\/\/maisonmaj.fr\/index.php\/mentions-legales\/","og_site_name":"Maison M\u00e4J","article_modified_time":"2026-02-24T15:27:02+00:00","twitter_card":"summary_large_image","schema":{"@context":"https:\/\/schema.org","@graph":[{"@type":"WebPage","@id":"http:\/\/maisonmaj.fr\/index.php\/mentions-legales\/","url":"http:\/\/maisonmaj.fr\/index.php\/mentions-legales\/","name":"Mentions L\u00e9gales - Maison M\u00e4J","isPartOf":{"@id":"https:\/\/maisonmaj.fr\/#website"},"datePublished":"2026-02-24T15:25:12+00:00","dateModified":"2026-02-24T15:27:02+00:00","breadcrumb":{"@id":"http:\/\/maisonmaj.fr\/index.php\/mentions-legales\/#breadcrumb"},"inLanguage":"fr-FR","potentialAction":[{"@type":"ReadAction","target":["http:\/\/maisonmaj.fr\/index.php\/mentions-legales\/"]}]},{"@type":"BreadcrumbList","@id":"http:\/\/maisonmaj.fr\/index.php\/mentions-legales\/#breadcrumb","itemListElement":[{"@type":"ListItem","position":1,"name":"Accueil","item":"https:\/\/maisonmaj.fr\/"},{"@type":"ListItem","position":2,"name":"Mentions L\u00e9gales"}]},{"@type":"WebSite","@id":"https:\/\/maisonmaj.fr\/#website","url":"https:\/\/maisonmaj.fr\/","name":"Maison M\u00e4J","description":"","publisher":{"@id":"https:\/\/maisonmaj.fr\/#organization"},"potentialAction":[{"@type":"SearchAction","target":{"@type":"EntryPoint","urlTemplate":"https:\/\/maisonmaj.fr\/?s={search_term_string}"},"query-input":{"@type":"PropertyValueSpecification","valueRequired":true,"valueName":"search_term_string"}}],"inLanguage":"fr-FR"},{"@type":"Organization","@id":"https:\/\/maisonmaj.fr\/#organization","name":"Maison M\u00e4J","url":"https:\/\/maisonmaj.fr\/","logo":{"@type":"ImageObject","inLanguage":"fr-FR","@id":"https:\/\/maisonmaj.fr\/#\/schema\/logo\/image\/","url":"http:\/\/maisonmaj.fr\/wp-content\/uploads\/2025\/12\/SITE-MAJ-63.png","contentUrl":"http:\/\/maisonmaj.fr\/wp-content\/uploads\/2025\/12\/SITE-MAJ-63.png","width":1366,"height":768,"caption":"Maison M\u00e4J"},"image":{"@id":"https:\/\/maisonmaj.fr\/#\/schema\/logo\/image\/"},"sameAs":["https:\/\/www.instagram.com\/maj.maisondebeaut\u00e9"]}]}},"_links":{"self":[{"href":"https:\/\/maisonmaj.fr\/index.php\/wp-json\/wp\/v2\/pages\/730","targetHints":{"allow":["GET"]}}],"collection":[{"href":"https:\/\/maisonmaj.fr\/index.php\/wp-json\/wp\/v2\/pages"}],"about":[{"href":"https:\/\/maisonmaj.fr\/index.php\/wp-json\/wp\/v2\/types\/page"}],"author":[{"embeddable":true,"href":"https:\/\/maisonmaj.fr\/index.php\/wp-json\/wp\/v2\/users\/1"}],"replies":[{"embeddable":true,"href":"https:\/\/maisonmaj.fr\/index.php\/wp-json\/wp\/v2\/comments?post=730"}],"version-history":[{"count":2,"href":"https:\/\/maisonmaj.fr\/index.php\/wp-json\/wp\/v2\/pages\/730\/revisions"}],"predecessor-version":[{"id":732,"href":"https:\/\/maisonmaj.fr\/index.php\/wp-json\/wp\/v2\/pages\/730\/revisions\/732"}],"wp:attachment":[{"href":"https:\/\/maisonmaj.fr\/index.php\/wp-json\/wp\/v2\/media?parent=730"}],"curies":[{"name":"wp","href":"https:\/\/api.w.org\/{rel}","templated":true}]}}