{"id":589,"date":"2026-01-09T13:38:51","date_gmt":"2026-01-09T13:38:51","guid":{"rendered":"https:\/\/maisonmaj.fr\/?page_id=589"},"modified":"2026-01-21T09:44:37","modified_gmt":"2026-01-21T09:44:37","slug":"le-lieu","status":"publish","type":"page","link":"http:\/\/maisonmaj.fr\/index.php\/le-lieu\/","title":{"rendered":"Le Lieu"},"content":{"rendered":"\n[et_pb_section fb_built=\u00a0\u00bb1&Prime; theme_builder_area=\u00a0\u00bbpost_content\u00a0\u00bb _builder_version=\u00a0\u00bb4.20.2&Prime; _module_preset=\u00a0\u00bbdefault\u00a0\u00bb background_color=\u00a0\u00bb#F5EAE2&Prime; hover_enabled=\u00a0\u00bb0&Prime; sticky_enabled=\u00a0\u00bb0&Prime;][et_pb_row _builder_version=\u00a0\u00bb4.20.2&Prime; _module_preset=\u00a0\u00bbdefault\u00a0\u00bb theme_builder_area=\u00a0\u00bbpost_content\u00a0\u00bb][et_pb_column _builder_version=\u00a0\u00bb4.20.2&Prime; _module_preset=\u00a0\u00bbdefault\u00a0\u00bb type=\u00a0\u00bb4_4&Prime; theme_builder_area=\u00a0\u00bbpost_content\u00a0\u00bb][et_pb_text _builder_version=\u00a0\u00bb4.20.2&Prime; _module_preset=\u00a0\u00bbdefault\u00a0\u00bb theme_builder_area=\u00a0\u00bbpost_content\u00a0\u00bb hover_enabled=\u00a0\u00bb0&Prime; sticky_enabled=\u00a0\u00bb0&Prime; header_text_align=\u00a0\u00bbcenter\u00a0\u00bb]<h1>Les Fondements de la Maison<\/h1>[\/et_pb_text][et_pb_divider _builder_version=\u00a0\u00bb4.20.2&Prime; _module_preset=\u00a0\u00bbdefault\u00a0\u00bb theme_builder_area=\u00a0\u00bbpost_content\u00a0\u00bb color=\u00a0\u00bb#000000&Prime; custom_margin_last_edited=\u00a0\u00bbon|desktop\u00a0\u00bb custom_margin=\u00a0\u00bb||-41px||false|false\u00a0\u00bb hover_enabled=\u00a0\u00bb0&Prime; sticky_enabled=\u00a0\u00bb0&Prime; custom_margin_tablet=\u00a0\u00bb||-41px||false|false\u00a0\u00bb custom_margin_phone=\u00a0\u00bb||-41px||false|false\u00a0\u00bb][\/et_pb_divider][\/et_pb_column][\/et_pb_row][et_pb_row _builder_version=\u00a0\u00bb4.20.2&Prime; _module_preset=\u00a0\u00bbdefault\u00a0\u00bb theme_builder_area=\u00a0\u00bbpost_content\u00a0\u00bb column_structure=\u00a0\u00bb1_3,1_3,1_3&Prime;][et_pb_column _builder_version=\u00a0\u00bb4.20.2&Prime; _module_preset=\u00a0\u00bbdefault\u00a0\u00bb type=\u00a0\u00bb1_3&Prime; theme_builder_area=\u00a0\u00bbpost_content\u00a0\u00bb][et_pb_image src=\u00a0\u00bbhttp:\/\/maisonmaj.fr\/wp-content\/uploads\/2026\/01\/CDS-MAJ-76.png\u00a0\u00bb _builder_version=\u00a0\u00bb4.20.2&Prime; _module_preset=\u00a0\u00bbdefault\u00a0\u00bb theme_builder_area=\u00a0\u00bbpost_content\u00a0\u00bb title_text=\u00a0\u00bbCDS MAJ (76)\u00a0\u00bb hover_enabled=\u00a0\u00bb0&Prime; sticky_enabled=\u00a0\u00bb0&Prime;][\/et_pb_image][\/et_pb_column][et_pb_column _builder_version=\u00a0\u00bb4.20.2&Prime; _module_preset=\u00a0\u00bbdefault\u00a0\u00bb type=\u00a0\u00bb1_3&Prime; theme_builder_area=\u00a0\u00bbpost_content\u00a0\u00bb][et_pb_image src=\u00a0\u00bbhttp:\/\/maisonmaj.fr\/wp-content\/uploads\/2026\/01\/CDS-MAJ-74.png\u00a0\u00bb _builder_version=\u00a0\u00bb4.20.2&Prime; _module_preset=\u00a0\u00bbdefault\u00a0\u00bb theme_builder_area=\u00a0\u00bbpost_content\u00a0\u00bb title_text=\u00a0\u00bbCDS MAJ (74)\u00a0\u00bb hover_enabled=\u00a0\u00bb0&Prime; sticky_enabled=\u00a0\u00bb0&Prime; disabled_on=\u00a0\u00bbon|off|off\u00a0\u00bb][\/et_pb_image][\/et_pb_column][et_pb_column _builder_version=\u00a0\u00bb4.20.2&Prime; _module_preset=\u00a0\u00bbdefault\u00a0\u00bb type=\u00a0\u00bb1_3&Prime; theme_builder_area=\u00a0\u00bbpost_content\u00a0\u00bb][et_pb_image src=\u00a0\u00bbhttp:\/\/maisonmaj.fr\/wp-content\/uploads\/2026\/01\/CDS-MAJ-75.png\u00a0\u00bb _builder_version=\u00a0\u00bb4.20.2&Prime; _module_preset=\u00a0\u00bbdefault\u00a0\u00bb theme_builder_area=\u00a0\u00bbpost_content\u00a0\u00bb title_text=\u00a0\u00bbCDS MAJ (75)\u00a0\u00bb hover_enabled=\u00a0\u00bb0&Prime; sticky_enabled=\u00a0\u00bb0&Prime; disabled_on=\u00a0\u00bbon|off|off\u00a0\u00bb][\/et_pb_image][\/et_pb_column][\/et_pb_row][\/et_pb_section][et_pb_section fb_built=\u00a0\u00bb1&Prime; theme_builder_area=\u00a0\u00bbpost_content\u00a0\u00bb _builder_version=\u00a0\u00bb4.20.2&Prime; _module_preset=\u00a0\u00bbdefault\u00a0\u00bb background_color=\u00a0\u00bb#FAF5EF\u00a0\u00bb border_width_top=\u00a0\u00bb1px\u00a0\u00bb border_width_bottom=\u00a0\u00bb1px\u00a0\u00bb border_color_bottom=\u00a0\u00bb#C09234&Prime; border_color_top=\u00a0\u00bb#C09234&Prime; hover_enabled=\u00a0\u00bb0&Prime; sticky_enabled=\u00a0\u00bb0&Prime;][et_pb_row _builder_version=\u00a0\u00bb4.20.2&Prime; _module_preset=\u00a0\u00bbdefault\u00a0\u00bb theme_builder_area=\u00a0\u00bbpost_content\u00a0\u00bb column_structure=\u00a0\u00bb1_2,1_2&Prime;][et_pb_column _builder_version=\u00a0\u00bb4.20.2&Prime; _module_preset=\u00a0\u00bbdefault\u00a0\u00bb type=\u00a0\u00bb1_2&Prime; theme_builder_area=\u00a0\u00bbpost_content\u00a0\u00bb][et_pb_text _builder_version=\u00a0\u00bb4.20.2&Prime; _module_preset=\u00a0\u00bbdefault\u00a0\u00bb theme_builder_area=\u00a0\u00bbpost_content\u00a0\u00bb text_orientation=\u00a0\u00bbjustified\u00a0\u00bb hover_enabled=\u00a0\u00bb0&Prime; sticky_enabled=\u00a0\u00bb0&Prime;]<p>Maison M\u00e4J est une maison de beaut\u00e9 pens\u00e9e comme un lieu o\u00f9 l\u2019on se sent chez soi.<\/p>\n<p>Un espace chaleureux, sinc\u00e8re et bienveillant, o\u00f9 chaque cliente est accueillie avec attention, respect et \u00e9coute.<\/p>\n<p>Nous pla\u00e7ons la relation humaine au c\u0153ur de notre m\u00e9tier. Ici, chaque personne est prise au s\u00e9rieux, accompagn\u00e9e avec professionnalisme et consid\u00e9r\u00e9e dans sa singularit\u00e9, quel que soit son \u00e2ge ou son besoin.<\/p>[\/et_pb_text][et_pb_image src=\u00a0\u00bbhttp:\/\/maisonmaj.fr\/wp-content\/uploads\/2026\/01\/CDS-MAJ-74.png\u00a0\u00bb _builder_version=\u00a0\u00bb4.20.2&Prime; _module_preset=\u00a0\u00bbdefault\u00a0\u00bb theme_builder_area=\u00a0\u00bbpost_content\u00a0\u00bb title_text=\u00a0\u00bbCDS MAJ (74)\u00a0\u00bb hover_enabled=\u00a0\u00bb0&Prime; sticky_enabled=\u00a0\u00bb0&Prime; disabled_on=\u00a0\u00bboff|on|on\u00a0\u00bb][\/et_pb_image][\/et_pb_column][et_pb_column _builder_version=\u00a0\u00bb4.20.2&Prime; _module_preset=\u00a0\u00bbdefault\u00a0\u00bb type=\u00a0\u00bb1_2&Prime; theme_builder_area=\u00a0\u00bbpost_content\u00a0\u00bb][et_pb_text _builder_version=\u00a0\u00bb4.20.2&Prime; _module_preset=\u00a0\u00bbdefault\u00a0\u00bb theme_builder_area=\u00a0\u00bbpost_content\u00a0\u00bb text_orientation=\u00a0\u00bbjustified\u00a0\u00bb hover_enabled=\u00a0\u00bb0&Prime; sticky_enabled=\u00a0\u00bb0&Prime;]<p>Notre fondement repose sur une conviction essentielle : il n\u2019y a pas de r\u00e9sultat sans compr\u00e9hension de la peau.<\/p>\n<p>C\u2019est pourquoi l\u2019analyse de peau et des besoins est toujours la premi\u00e8re \u00e9tape de nos accompagnements, afin de proposer des soins r\u00e9ellement personnalis\u00e9s et efficaces.<\/p>\n<p>Nous travaillons avec des marques expertes et exigeantes, n\u00e9cessitant des formations r\u00e9guli\u00e8res, pour garantir des r\u00e9sultats visibles et un accompagnement de haute qualit\u00e9.<\/p>[\/et_pb_text][et_pb_image src=\u00a0\u00bbhttp:\/\/maisonmaj.fr\/wp-content\/uploads\/2026\/01\/CDS-MAJ-75.png\u00a0\u00bb _builder_version=\u00a0\u00bb4.20.2&Prime; _module_preset=\u00a0\u00bbdefault\u00a0\u00bb theme_builder_area=\u00a0\u00bbpost_content\u00a0\u00bb title_text=\u00a0\u00bbCDS MAJ (75)\u00a0\u00bb hover_enabled=\u00a0\u00bb0&Prime; sticky_enabled=\u00a0\u00bb0&Prime; disabled_on=\u00a0\u00bboff|on|on\u00a0\u00bb][\/et_pb_image][\/et_pb_column][\/et_pb_row][\/et_pb_section][et_pb_section fb_built=\u00a0\u00bb1&Prime; theme_builder_area=\u00a0\u00bbpost_content\u00a0\u00bb _builder_version=\u00a0\u00bb4.20.2&Prime; _module_preset=\u00a0\u00bbdefault\u00a0\u00bb title_text=\u00a0\u00bbSITE MAJ (5)\u00a0\u00bb background_image=\u00a0\u00bbhttp:\/\/maisonmaj.fr\/wp-content\/uploads\/2025\/12\/SITE-MAJ-5.png\u00a0\u00bb hover_enabled=\u00a0\u00bb0&Prime; sticky_enabled=\u00a0\u00bb0&Prime; custom_padding_last_edited=\u00a0\u00bbon|desktop\u00a0\u00bb custom_padding=\u00a0\u00bb||||true\u00a0\u00bb custom_margin_last_edited=\u00a0\u00bbon|desktop\u00a0\u00bb custom_margin=\u00a0\u00bb10px|10px|10px|10px|true|true\u00a0\u00bb custom_padding_tablet=\u00a0\u00bb||||true\u00a0\u00bb custom_padding_phone=\u00a0\u00bb||||true\u00a0\u00bb custom_margin_tablet=\u00a0\u00bb10px|10px|10px|10px|true|true\u00a0\u00bb custom_margin_phone=\u00a0\u00bb10px|10px|10px|10px|true|true\u00a0\u00bb][et_pb_row _builder_version=\u00a0\u00bb4.20.2&Prime; _module_preset=\u00a0\u00bbdefault\u00a0\u00bb theme_builder_area=\u00a0\u00bbpost_content\u00a0\u00bb][et_pb_column _builder_version=\u00a0\u00bb4.20.2&Prime; _module_preset=\u00a0\u00bbdefault\u00a0\u00bb type=\u00a0\u00bb4_4&Prime; theme_builder_area=\u00a0\u00bbpost_content\u00a0\u00bb][et_pb_text _builder_version=\u00a0\u00bb4.20.2&Prime; _module_preset=\u00a0\u00bbdefault\u00a0\u00bb theme_builder_area=\u00a0\u00bbpost_content\u00a0\u00bb header_2_text_color=\u00a0\u00bb#FFFFFF\u00a0\u00bb header_2_text_align=\u00a0\u00bbcenter\u00a0\u00bb hover_enabled=\u00a0\u00bb0&Prime; sticky_enabled=\u00a0\u00bb0&Prime;]<h2>Maison M\u00e4J, c\u2019est une maison qui agit avec le c\u0153ur, le souci du d\u00e9tail et la volont\u00e9 sinc\u00e8re de prendre soin de chaque cliente, comme on le ferait pour quelqu\u2019un de proche.<\/h2>[\/et_pb_text][et_pb_button button_text=\u00a0\u00bbD\u00e9couvrir nos prestations\u00a0\u00bb button_alignment=\u00a0\u00bbcenter\u00a0\u00bb _builder_version=\u00a0\u00bb4.20.2&Prime; _module_preset=\u00a0\u00bbdefault\u00a0\u00bb custom_button=\u00a0\u00bbon\u00a0\u00bb button_text_size=\u00a0\u00bb16px\u00a0\u00bb button_text_color=\u00a0\u00bb#FFFFFF\u00a0\u00bb button_bg_color=\u00a0\u00bb#C09234&Prime; button_border_width=\u00a0\u00bb0px\u00a0\u00bb button_border_radius=\u00a0\u00bb100px\u00a0\u00bb button_letter_spacing=\u00a0\u00bb0px\u00a0\u00bb button_font=\u00a0\u00bb||||on|||RGBA(255,255,255,0)|\u00a0\u00bb background_layout=\u00a0\u00bbdark\u00a0\u00bb hover_enabled=\u00a0\u00bb0&Prime; button_font_tablet=\u00a0\u00bb||||on|||RGBA(255,255,255,0)|\u00a0\u00bb button_font_phone=\u00a0\u00bb||||on|||RGBA(255,255,255,0)|\u00a0\u00bb button_font_last_edited=\u00a0\u00bbon|desktop\u00a0\u00bb global_colors_info=\u00a0\u00bb{}\u00a0\u00bb theme_builder_area=\u00a0\u00bbpost_content\u00a0\u00bb button_url=\u00a0\u00bbhttps:\/\/maisonmaj.fr\/index.php\/nos-prestations\/\u00a0\u00bb sticky_enabled=\u00a0\u00bb0&Prime;][\/et_pb_button][\/et_pb_column][\/et_pb_row][\/et_pb_section]\n","protected":false},"excerpt":{"rendered":"<p>Les Fondements de la MaisonMaison M\u00e4J est une maison de beaut\u00e9 pens\u00e9e comme un lieu o\u00f9 l\u2019on se sent chez soi. Un espace chaleureux, sinc\u00e8re et bienveillant, o\u00f9 chaque cliente est accueillie avec attention, respect et \u00e9coute. Nous pla\u00e7ons la relation humaine au c\u0153ur de notre m\u00e9tier. Ici, chaque personne est prise au s\u00e9rieux, accompagn\u00e9e [&hellip;]<\/p>\n","protected":false},"author":1,"featured_media":0,"parent":0,"menu_order":0,"comment_status":"closed","ping_status":"closed","template":"","meta":{"_et_pb_use_builder":"on","_et_pb_old_content":"","_et_gb_content_width":"","footnotes":""},"class_list":["post-589","page","type-page","status-publish","hentry"],"yoast_head":"<!-- This site is optimized with the Yoast SEO plugin v27.0 - https:\/\/yoast.com\/product\/yoast-seo-wordpress\/ -->\n<title>Le Lieu - Maison M\u00e4J<\/title>\n<meta name=\"description\" content=\"D\u00e9couvrez le lieu Maison M\u00e4j, alliant des prestations expertes et une ambiance chaleureuse, pour accueillir votre d\u00e9tente.\" \/>\n<meta name=\"robots\" content=\"index, follow, max-snippet:-1, max-image-preview:large, max-video-preview:-1\" \/>\n<link rel=\"canonical\" href=\"https:\/\/maisonmaj.fr\/index.php\/le-lieu\/\" \/>\n<meta property=\"og:locale\" content=\"fr_FR\" \/>\n<meta property=\"og:type\" content=\"article\" \/>\n<meta property=\"og:title\" content=\"Le Lieu - Maison M\u00e4J\" \/>\n<meta property=\"og:description\" content=\"D\u00e9couvrez le lieu Maison M\u00e4j, alliant des prestations expertes et une ambiance chaleureuse, pour accueillir votre d\u00e9tente.\" \/>\n<meta property=\"og:url\" content=\"https:\/\/maisonmaj.fr\/index.php\/le-lieu\/\" \/>\n<meta property=\"og:site_name\" content=\"Maison M\u00e4J\" \/>\n<meta property=\"article:modified_time\" content=\"2026-01-21T09:44:37+00:00\" \/>\n<meta name=\"twitter:card\" content=\"summary_large_image\" \/>\n<meta name=\"twitter:label1\" content=\"Dur\u00e9e de lecture estim\u00e9e\" \/>\n\t<meta name=\"twitter:data1\" content=\"2 minutes\" \/>\n<script type=\"application\/ld+json\" class=\"yoast-schema-graph\">{\"@context\":\"https:\/\/schema.org\",\"@graph\":[{\"@type\":\"WebPage\",\"@id\":\"https:\/\/maisonmaj.fr\/index.php\/le-lieu\/\",\"url\":\"https:\/\/maisonmaj.fr\/index.php\/le-lieu\/\",\"name\":\"Le Lieu - Maison M\u00e4J\",\"isPartOf\":{\"@id\":\"https:\/\/maisonmaj.fr\/#website\"},\"datePublished\":\"2026-01-09T13:38:51+00:00\",\"dateModified\":\"2026-01-21T09:44:37+00:00\",\"description\":\"D\u00e9couvrez le lieu Maison M\u00e4j, alliant des prestations expertes et une ambiance chaleureuse, pour accueillir votre d\u00e9tente.\",\"breadcrumb\":{\"@id\":\"https:\/\/maisonmaj.fr\/index.php\/le-lieu\/#breadcrumb\"},\"inLanguage\":\"fr-FR\",\"potentialAction\":[{\"@type\":\"ReadAction\",\"target\":[\"https:\/\/maisonmaj.fr\/index.php\/le-lieu\/\"]}]},{\"@type\":\"BreadcrumbList\",\"@id\":\"https:\/\/maisonmaj.fr\/index.php\/le-lieu\/#breadcrumb\",\"itemListElement\":[{\"@type\":\"ListItem\",\"position\":1,\"name\":\"Accueil\",\"item\":\"https:\/\/maisonmaj.fr\/\"},{\"@type\":\"ListItem\",\"position\":2,\"name\":\"Le Lieu\"}]},{\"@type\":\"WebSite\",\"@id\":\"https:\/\/maisonmaj.fr\/#website\",\"url\":\"https:\/\/maisonmaj.fr\/\",\"name\":\"Maison M\u00e4J\",\"description\":\"\",\"publisher\":{\"@id\":\"https:\/\/maisonmaj.fr\/#organization\"},\"potentialAction\":[{\"@type\":\"SearchAction\",\"target\":{\"@type\":\"EntryPoint\",\"urlTemplate\":\"https:\/\/maisonmaj.fr\/?s={search_term_string}\"},\"query-input\":{\"@type\":\"PropertyValueSpecification\",\"valueRequired\":true,\"valueName\":\"search_term_string\"}}],\"inLanguage\":\"fr-FR\"},{\"@type\":\"Organization\",\"@id\":\"https:\/\/maisonmaj.fr\/#organization\",\"name\":\"Maison M\u00e4J\",\"url\":\"https:\/\/maisonmaj.fr\/\",\"logo\":{\"@type\":\"ImageObject\",\"inLanguage\":\"fr-FR\",\"@id\":\"https:\/\/maisonmaj.fr\/#\/schema\/logo\/image\/\",\"url\":\"http:\/\/maisonmaj.fr\/wp-content\/uploads\/2025\/12\/SITE-MAJ-63.png\",\"contentUrl\":\"http:\/\/maisonmaj.fr\/wp-content\/uploads\/2025\/12\/SITE-MAJ-63.png\",\"width\":1366,\"height\":768,\"caption\":\"Maison M\u00e4J\"},\"image\":{\"@id\":\"https:\/\/maisonmaj.fr\/#\/schema\/logo\/image\/\"},\"sameAs\":[\"https:\/\/www.instagram.com\/maj.maisondebeaut\u00e9\"]}]}<\/script>\n<!-- \/ Yoast SEO plugin. -->","yoast_head_json":{"title":"Le Lieu - Maison M\u00e4J","description":"D\u00e9couvrez le lieu Maison M\u00e4j, alliant des prestations expertes et une ambiance chaleureuse, pour accueillir votre d\u00e9tente.","robots":{"index":"index","follow":"follow","max-snippet":"max-snippet:-1","max-image-preview":"max-image-preview:large","max-video-preview":"max-video-preview:-1"},"canonical":"https:\/\/maisonmaj.fr\/index.php\/le-lieu\/","og_locale":"fr_FR","og_type":"article","og_title":"Le Lieu - Maison M\u00e4J","og_description":"D\u00e9couvrez le lieu Maison M\u00e4j, alliant des prestations expertes et une ambiance chaleureuse, pour accueillir votre d\u00e9tente.","og_url":"https:\/\/maisonmaj.fr\/index.php\/le-lieu\/","og_site_name":"Maison M\u00e4J","article_modified_time":"2026-01-21T09:44:37+00:00","twitter_card":"summary_large_image","twitter_misc":{"Dur\u00e9e de lecture estim\u00e9e":"2 minutes"},"schema":{"@context":"https:\/\/schema.org","@graph":[{"@type":"WebPage","@id":"https:\/\/maisonmaj.fr\/index.php\/le-lieu\/","url":"https:\/\/maisonmaj.fr\/index.php\/le-lieu\/","name":"Le Lieu - Maison M\u00e4J","isPartOf":{"@id":"https:\/\/maisonmaj.fr\/#website"},"datePublished":"2026-01-09T13:38:51+00:00","dateModified":"2026-01-21T09:44:37+00:00","description":"D\u00e9couvrez le lieu Maison M\u00e4j, alliant des prestations expertes et une ambiance chaleureuse, pour accueillir votre d\u00e9tente.","breadcrumb":{"@id":"https:\/\/maisonmaj.fr\/index.php\/le-lieu\/#breadcrumb"},"inLanguage":"fr-FR","potentialAction":[{"@type":"ReadAction","target":["https:\/\/maisonmaj.fr\/index.php\/le-lieu\/"]}]},{"@type":"BreadcrumbList","@id":"https:\/\/maisonmaj.fr\/index.php\/le-lieu\/#breadcrumb","itemListElement":[{"@type":"ListItem","position":1,"name":"Accueil","item":"https:\/\/maisonmaj.fr\/"},{"@type":"ListItem","position":2,"name":"Le Lieu"}]},{"@type":"WebSite","@id":"https:\/\/maisonmaj.fr\/#website","url":"https:\/\/maisonmaj.fr\/","name":"Maison M\u00e4J","description":"","publisher":{"@id":"https:\/\/maisonmaj.fr\/#organization"},"potentialAction":[{"@type":"SearchAction","target":{"@type":"EntryPoint","urlTemplate":"https:\/\/maisonmaj.fr\/?s={search_term_string}"},"query-input":{"@type":"PropertyValueSpecification","valueRequired":true,"valueName":"search_term_string"}}],"inLanguage":"fr-FR"},{"@type":"Organization","@id":"https:\/\/maisonmaj.fr\/#organization","name":"Maison M\u00e4J","url":"https:\/\/maisonmaj.fr\/","logo":{"@type":"ImageObject","inLanguage":"fr-FR","@id":"https:\/\/maisonmaj.fr\/#\/schema\/logo\/image\/","url":"http:\/\/maisonmaj.fr\/wp-content\/uploads\/2025\/12\/SITE-MAJ-63.png","contentUrl":"http:\/\/maisonmaj.fr\/wp-content\/uploads\/2025\/12\/SITE-MAJ-63.png","width":1366,"height":768,"caption":"Maison M\u00e4J"},"image":{"@id":"https:\/\/maisonmaj.fr\/#\/schema\/logo\/image\/"},"sameAs":["https:\/\/www.instagram.com\/maj.maisondebeaut\u00e9"]}]}},"_links":{"self":[{"href":"http:\/\/maisonmaj.fr\/index.php\/wp-json\/wp\/v2\/pages\/589","targetHints":{"allow":["GET"]}}],"collection":[{"href":"http:\/\/maisonmaj.fr\/index.php\/wp-json\/wp\/v2\/pages"}],"about":[{"href":"http:\/\/maisonmaj.fr\/index.php\/wp-json\/wp\/v2\/types\/page"}],"author":[{"embeddable":true,"href":"http:\/\/maisonmaj.fr\/index.php\/wp-json\/wp\/v2\/users\/1"}],"replies":[{"embeddable":true,"href":"http:\/\/maisonmaj.fr\/index.php\/wp-json\/wp\/v2\/comments?post=589"}],"version-history":[{"count":4,"href":"http:\/\/maisonmaj.fr\/index.php\/wp-json\/wp\/v2\/pages\/589\/revisions"}],"predecessor-version":[{"id":654,"href":"http:\/\/maisonmaj.fr\/index.php\/wp-json\/wp\/v2\/pages\/589\/revisions\/654"}],"wp:attachment":[{"href":"http:\/\/maisonmaj.fr\/index.php\/wp-json\/wp\/v2\/media?parent=589"}],"curies":[{"name":"wp","href":"https:\/\/api.w.org\/{rel}","templated":true}]}}