{"id":37,"date":"2025-12-10T15:18:28","date_gmt":"2025-12-10T15:18:28","guid":{"rendered":"https:\/\/maisonmaj.fr\/?page_id=37"},"modified":"2026-02-20T10:18:41","modified_gmt":"2026-02-20T10:18:41","slug":"nos-soins-visage","status":"publish","type":"page","link":"http:\/\/maisonmaj.fr\/index.php\/nos-soins-visage\/","title":{"rendered":"Nos Soins Visage"},"content":{"rendered":"<p>[et_pb_section fb_built=\u00a0\u00bb1&Prime; disabled_on=\u00a0\u00bbon|on|off\u00a0\u00bb _builder_version=\u00a0\u00bb4.20.2&Prime; _module_preset=\u00a0\u00bbdefault\u00a0\u00bb background_image=\u00a0\u00bbhttp:\/\/maisonmaj.fr\/wp-content\/uploads\/2025\/11\/SITE-MAJ-1.png\u00a0\u00bb global_colors_info=\u00a0\u00bb{}\u00a0\u00bb][et_pb_row column_structure=\u00a0\u00bb1_2,1_2&Prime; _builder_version=\u00a0\u00bb4.20.2&Prime; _module_preset=\u00a0\u00bbdefault\u00a0\u00bb global_colors_info=\u00a0\u00bb{}\u00a0\u00bb][et_pb_column type=\u00a0\u00bb1_2&Prime; _builder_version=\u00a0\u00bb4.20.2&Prime; _module_preset=\u00a0\u00bbdefault\u00a0\u00bb global_colors_info=\u00a0\u00bb{}\u00a0\u00bb][et_pb_text _builder_version=\u00a0\u00bb4.20.2&Prime; _module_preset=\u00a0\u00bbdefault\u00a0\u00bb header_font_size=\u00a0\u00bb60px\u00a0\u00bb header_font_size_tablet=\u00a0\u00bb60px\u00a0\u00bb header_font_size_phone=\u00a0\u00bb60px\u00a0\u00bb header_font_size_last_edited=\u00a0\u00bbon|desktop\u00a0\u00bb global_colors_info=\u00a0\u00bb{}\u00a0\u00bb]<\/p>\n<h1>Nos<br \/><em>Soins Visage<\/em><\/h1>\n<p>[\/et_pb_text][et_pb_divider color=\u00a0\u00bb#C09234&Prime; _builder_version=\u00a0\u00bb4.20.2&Prime; _module_preset=\u00a0\u00bbdefault\u00a0\u00bb global_colors_info=\u00a0\u00bb{}\u00a0\u00bb][\/et_pb_divider][et_pb_text _builder_version=\u00a0\u00bb4.20.2&Prime; _module_preset=\u00a0\u00bbdefault\u00a0\u00bb custom_margin=\u00a0\u00bb285px|-12px|||false|false\u00a0\u00bb custom_margin_tablet=\u00a0\u00bb200px||||false|false\u00a0\u00bb custom_margin_phone=\u00a0\u00bb200px||||false|false\u00a0\u00bb custom_margin_last_edited=\u00a0\u00bbon|desktop\u00a0\u00bb global_colors_info=\u00a0\u00bb{}\u00a0\u00bb]<\/p>\n<p data-start=\"109\" data-end=\"447\" style=\"text-align: justify;\">Un voyage sensoriel d\u00e9di\u00e9 \u00e0 l\u2019\u00e9quilibre de votre visage. Ces soins combinent techniques manuelles expertes et technologies cibl\u00e9es pour purifier, r\u00e9g\u00e9n\u00e9rer et sublimer la peau.<\/p>\n<p>[\/et_pb_text][\/et_pb_column][et_pb_column type=\u00a0\u00bb1_2&Prime; _builder_version=\u00a0\u00bb4.20.2&Prime; _module_preset=\u00a0\u00bbdefault\u00a0\u00bb global_colors_info=\u00a0\u00bb{}\u00a0\u00bb][et_pb_image src=\u00a0\u00bbhttp:\/\/maisonmaj.fr\/wp-content\/uploads\/2025\/12\/CDS-MAJ-13.png\u00a0\u00bb title_text=\u00a0\u00bbCDS MAJ (13)\u00a0\u00bb align=\u00a0\u00bbright\u00a0\u00bb _builder_version=\u00a0\u00bb4.20.2&Prime; _module_preset=\u00a0\u00bbdefault\u00a0\u00bb custom_margin=\u00a0\u00bb-81px|-196px|-81px|0px|false|false\u00a0\u00bb custom_margin_tablet=\u00a0\u00bb-81px|-196px|-81px|0px|false|false\u00a0\u00bb custom_margin_phone=\u00a0\u00bb-81px|-196px|-81px|0px|false|false\u00a0\u00bb custom_margin_last_edited=\u00a0\u00bbon|desktop\u00a0\u00bb global_colors_info=\u00a0\u00bb{}\u00a0\u00bb][\/et_pb_image][\/et_pb_column][\/et_pb_row][\/et_pb_section][et_pb_section fb_built=\u00a0\u00bb1&Prime; disabled_on=\u00a0\u00bboff|off|on\u00a0\u00bb _builder_version=\u00a0\u00bb4.20.2&Prime; _module_preset=\u00a0\u00bbdefault\u00a0\u00bb background_image=\u00a0\u00bbhttp:\/\/maisonmaj.fr\/wp-content\/uploads\/2025\/12\/SITE-MAJ-67.png\u00a0\u00bb global_colors_info=\u00a0\u00bb{}\u00a0\u00bb][et_pb_row column_structure=\u00a0\u00bb1_2,1_2&Prime; _builder_version=\u00a0\u00bb4.20.2&Prime; _module_preset=\u00a0\u00bbdefault\u00a0\u00bb global_colors_info=\u00a0\u00bb{}\u00a0\u00bb][et_pb_column type=\u00a0\u00bb1_2&Prime; _builder_version=\u00a0\u00bb4.20.2&Prime; _module_preset=\u00a0\u00bbdefault\u00a0\u00bb global_colors_info=\u00a0\u00bb{}\u00a0\u00bb][et_pb_text disabled_on=\u00a0\u00bboff|off|on\u00a0\u00bb _builder_version=\u00a0\u00bb4.20.2&Prime; _module_preset=\u00a0\u00bbdefault\u00a0\u00bb header_text_align=\u00a0\u00bbcenter\u00a0\u00bb header_text_color=\u00a0\u00bb#FFFFFF\u00a0\u00bb header_font_size=\u00a0\u00bb60px\u00a0\u00bb header_font_size_tablet=\u00a0\u00bb60px\u00a0\u00bb header_font_size_phone=\u00a0\u00bb60px\u00a0\u00bb header_font_size_last_edited=\u00a0\u00bbon|desktop\u00a0\u00bb global_colors_info=\u00a0\u00bb{}\u00a0\u00bb]<\/p>\n<h1>Nos<br \/><em>Soins Visage<\/em><\/h1>\n<p>[\/et_pb_text][et_pb_divider color=\u00a0\u00bb#FFFFFF\u00a0\u00bb _builder_version=\u00a0\u00bb4.20.2&Prime; _module_preset=\u00a0\u00bbdefault\u00a0\u00bb global_colors_info=\u00a0\u00bb{}\u00a0\u00bb][\/et_pb_divider][et_pb_text _builder_version=\u00a0\u00bb4.20.2&Prime; _module_preset=\u00a0\u00bbdefault\u00a0\u00bb custom_margin=\u00a0\u00bb289px||||false|false\u00a0\u00bb custom_margin_tablet=\u00a0\u00bb200px||||false|false\u00a0\u00bb custom_margin_phone=\u00a0\u00bb200px||||false|false\u00a0\u00bb custom_margin_last_edited=\u00a0\u00bbon|desktop\u00a0\u00bb global_colors_info=\u00a0\u00bb{}\u00a0\u00bb]<\/p>\n<article class=\"text-token-text-primary w-full focus:outline-none [--shadow-height:45px] has-data-writing-block:pointer-events-none has-data-writing-block:-mt-(--shadow-height) has-data-writing-block:pt-(--shadow-height) [&amp;:has([data-writing-block])&gt;*]:pointer-events-auto scroll-mt-[calc(var(--header-height)+min(200px,max(70px,20svh)))]\" dir=\"auto\" data-turn-id=\"request-6925d024-d328-8330-89f2-59bd2e1d7792-33\" data-testid=\"conversation-turn-180\" data-scroll-anchor=\"true\" data-turn=\"assistant\" tabindex=\"-1\">\n<div class=\"text-base my-auto mx-auto pb-10 [--thread-content-margin:--spacing(4)] @w-sm\/main:[--thread-content-margin:--spacing(6)] @w-lg\/main:[--thread-content-margin:--spacing(16)] px-(--thread-content-margin)\">\n<div class=\"[--thread-content-max-width:40rem] @w-lg\/main:[--thread-content-max-width:48rem] mx-auto max-w-(--thread-content-max-width) flex-1 group\/turn-messages focus-visible:outline-hidden relative flex w-full min-w-0 flex-col agent-turn\" tabindex=\"-1\">\n<div class=\"flex max-w-full flex-col grow\">\n<div data-message-author-role=\"assistant\" data-message-id=\"63790834-112e-4249-ac85-3460a482cc06\" dir=\"auto\" class=\"min-h-8 text-message relative flex w-full flex-col items-end gap-2 text-start break-words whitespace-normal [.text-message+&amp;]:mt-1\" data-message-model-slug=\"gpt-5-1\">\n<div class=\"flex w-full flex-col gap-1 empty:hidden first:pt-[1px]\">\n<div class=\"markdown prose dark:prose-invert w-full break-words light markdown-new-styling\">\n<p data-start=\"92\" data-end=\"262\" data-is-last-node=\"\" data-is-only-node=\"\" style=\"text-align: justify;\">Un voyage sensoriel d\u00e9di\u00e9 \u00e0 l\u2019\u00e9quilibre de votre visage. Ces soins combinent techniques manuelles expertes et technologies cibl\u00e9es pour purifier, r\u00e9g\u00e9n\u00e9rer et sublimer la peau.<\/p>\n<\/div>\n<\/div>\n<\/div>\n<\/div>\n<\/div>\n<\/div>\n<\/article>\n<p>[\/et_pb_text][\/et_pb_column][et_pb_column type=\u00a0\u00bb1_2&Prime; _builder_version=\u00a0\u00bb4.20.2&Prime; _module_preset=\u00a0\u00bbdefault\u00a0\u00bb global_colors_info=\u00a0\u00bb{}\u00a0\u00bb][\/et_pb_column][\/et_pb_row][\/et_pb_section][et_pb_section fb_built=\u00a0\u00bb1&Prime; custom_padding_last_edited=\u00a0\u00bbon|desktop\u00a0\u00bb _builder_version=\u00a0\u00bb4.20.2&Prime; _module_preset=\u00a0\u00bbdefault\u00a0\u00bb background_color=\u00a0\u00bb#C09234&Prime; custom_padding=\u00a0\u00bb0px||0px||false|false\u00a0\u00bb custom_padding_tablet=\u00a0\u00bb0px||0px||false|false\u00a0\u00bb custom_padding_phone=\u00a0\u00bb0px||0px||false|false\u00a0\u00bb global_colors_info=\u00a0\u00bb{}\u00a0\u00bb][et_pb_row _builder_version=\u00a0\u00bb4.20.2&Prime; _module_preset=\u00a0\u00bbdefault\u00a0\u00bb global_colors_info=\u00a0\u00bb{}\u00a0\u00bb][et_pb_column type=\u00a0\u00bb4_4&Prime; _builder_version=\u00a0\u00bb4.20.2&Prime; _module_preset=\u00a0\u00bbdefault\u00a0\u00bb global_colors_info=\u00a0\u00bb{}\u00a0\u00bb][et_pb_text _builder_version=\u00a0\u00bb4.20.2&Prime; _module_preset=\u00a0\u00bbdefault\u00a0\u00bb text_text_color=\u00a0\u00bb#FFFFFF\u00a0\u00bb global_colors_info=\u00a0\u00bb{}\u00a0\u00bb]<\/p>\n<p style=\"text-align: center;\"><em>Cliquez sur la cat\u00e9gorie souhait\u00e9e pour d\u00e9couvrir l\u2019ensemble des soins propos\u00e9s.<\/em><\/p>\n<p>[\/et_pb_text][et_pb_icon font_icon=\u00a0\u00bb&#x3f;||divi||400&Prime; icon_color=\u00a0\u00bb#FFFFFF\u00a0\u00bb icon_width=\u00a0\u00bb16px\u00a0\u00bb _builder_version=\u00a0\u00bb4.20.2&Prime; _module_preset=\u00a0\u00bbdefault\u00a0\u00bb custom_margin=\u00a0\u00bb-23px||-10px||false|false\u00a0\u00bb custom_margin_tablet=\u00a0\u00bb-23px||-10px||false|false\u00a0\u00bb custom_margin_phone=\u00a0\u00bb-23px||-10px||false|false\u00a0\u00bb custom_margin_last_edited=\u00a0\u00bbon|desktop\u00a0\u00bb global_colors_info=\u00a0\u00bb{}\u00a0\u00bb][\/et_pb_icon][\/et_pb_column][\/et_pb_row][\/et_pb_section][et_pb_section fb_built=\u00a0\u00bb1&Prime; _builder_version=\u00a0\u00bb4.20.2&Prime; _module_preset=\u00a0\u00bbdefault\u00a0\u00bb background_color=\u00a0\u00bb#F5EAE2&Prime; border_width_bottom=\u00a0\u00bb1px\u00a0\u00bb global_colors_info=\u00a0\u00bb{}\u00a0\u00bb][et_pb_row column_structure=\u00a0\u00bb1_4,1_4,1_4,1_4&Prime; _builder_version=\u00a0\u00bb4.20.2&Prime; _module_preset=\u00a0\u00bbdefault\u00a0\u00bb animation_style=\u00a0\u00bbfade\u00a0\u00bb scroll_vertical_motion=\u00a0\u00bb0|50|50|50|4|0|-4&Prime; scroll_fade_enable=\u00a0\u00bbon\u00a0\u00bb motion_trigger_start=\u00a0\u00bbtop\u00a0\u00bb scroll_vertical_motion_last_edited=\u00a0\u00bboff|desktop\u00a0\u00bb global_colors_info=\u00a0\u00bb{}\u00a0\u00bb][et_pb_column type=\u00a0\u00bb1_4&Prime; _builder_version=\u00a0\u00bb4.20.2&Prime; _module_preset=\u00a0\u00bbdefault\u00a0\u00bb global_colors_info=\u00a0\u00bb{}\u00a0\u00bb][et_pb_image src=\u00a0\u00bbhttp:\/\/maisonmaj.fr\/wp-content\/uploads\/2026\/02\/BANQUE-IMAGE-CANVA-36.png\u00a0\u00bb title_text=\u00a0\u00bbBANQUE IMAGE CANVA (36)\u00a0\u00bb url=\u00a0\u00bbhttps:\/\/maisonmaj.fr\/index.php\/bilan-consultation-peau\/\u00a0\u00bb _builder_version=\u00a0\u00bb4.20.2&Prime; _module_preset=\u00a0\u00bbdefault\u00a0\u00bb hover_enabled=\u00a0\u00bb0&Prime; global_colors_info=\u00a0\u00bb{}\u00a0\u00bb transform_styles__hover_enabled=\u00a0\u00bbon|hover\u00a0\u00bb transform_scale__hover_enabled=\u00a0\u00bbon|hover\u00a0\u00bb transform_translate__hover_enabled=\u00a0\u00bbon|desktop\u00a0\u00bb transform_rotate__hover_enabled=\u00a0\u00bbon|desktop\u00a0\u00bb transform_skew__hover_enabled=\u00a0\u00bbon|desktop\u00a0\u00bb transform_origin__hover_enabled=\u00a0\u00bbon|desktop\u00a0\u00bb transform_scale__hover=\u00a0\u00bb116%|116%\u00a0\u00bb sticky_enabled=\u00a0\u00bb0&Prime;][\/et_pb_image][\/et_pb_column][et_pb_column type=\u00a0\u00bb1_4&Prime; _builder_version=\u00a0\u00bb4.20.2&Prime; _module_preset=\u00a0\u00bbdefault\u00a0\u00bb global_colors_info=\u00a0\u00bb{}\u00a0\u00bb][et_pb_image src=\u00a0\u00bbhttp:\/\/maisonmaj.fr\/wp-content\/uploads\/2025\/12\/BANQUE-IMAGE-CANVA-21.png\u00a0\u00bb title_text=\u00a0\u00bbBANQUE IMAGE CANVA (21)\u00a0\u00bb url=\u00a0\u00bbhttps:\/\/maisonmaj.fr\/index.php\/soins-dermo-esthetiques\/\u00a0\u00bb _builder_version=\u00a0\u00bb4.20.2&Prime; _module_preset=\u00a0\u00bbdefault\u00a0\u00bb global_colors_info=\u00a0\u00bb{}\u00a0\u00bb transform_styles__hover_enabled=\u00a0\u00bbon|hover\u00a0\u00bb transform_scale__hover_enabled=\u00a0\u00bbon|hover\u00a0\u00bb transform_translate__hover_enabled=\u00a0\u00bbon|desktop\u00a0\u00bb transform_rotate__hover_enabled=\u00a0\u00bbon|desktop\u00a0\u00bb transform_skew__hover_enabled=\u00a0\u00bbon|desktop\u00a0\u00bb transform_origin__hover_enabled=\u00a0\u00bbon|desktop\u00a0\u00bb transform_scale__hover=\u00a0\u00bb116%|116%\u00a0\u00bb][\/et_pb_image][\/et_pb_column][et_pb_column type=\u00a0\u00bb1_4&Prime; _builder_version=\u00a0\u00bb4.20.2&Prime; _module_preset=\u00a0\u00bbdefault\u00a0\u00bb global_colors_info=\u00a0\u00bb{}\u00a0\u00bb][et_pb_image src=\u00a0\u00bbhttp:\/\/maisonmaj.fr\/wp-content\/uploads\/2026\/01\/103.png\u00a0\u00bb title_text=\u00a0\u00bb103&Prime; url=\u00a0\u00bbhttps:\/\/maisonmaj.fr\/index.php\/soins-holistiques\/\u00a0\u00bb _builder_version=\u00a0\u00bb4.20.2&Prime; _module_preset=\u00a0\u00bbdefault\u00a0\u00bb global_colors_info=\u00a0\u00bb{}\u00a0\u00bb transform_styles__hover_enabled=\u00a0\u00bbon|hover\u00a0\u00bb transform_scale__hover_enabled=\u00a0\u00bbon|hover\u00a0\u00bb transform_translate__hover_enabled=\u00a0\u00bbon|desktop\u00a0\u00bb transform_rotate__hover_enabled=\u00a0\u00bbon|desktop\u00a0\u00bb transform_skew__hover_enabled=\u00a0\u00bbon|desktop\u00a0\u00bb transform_origin__hover_enabled=\u00a0\u00bbon|desktop\u00a0\u00bb transform_scale__hover=\u00a0\u00bb116%|116%\u00a0\u00bb][\/et_pb_image][\/et_pb_column][et_pb_column type=\u00a0\u00bb1_4&Prime; _builder_version=\u00a0\u00bb4.20.2&Prime; _module_preset=\u00a0\u00bbdefault\u00a0\u00bb global_colors_info=\u00a0\u00bb{}\u00a0\u00bb][et_pb_image src=\u00a0\u00bbhttp:\/\/maisonmaj.fr\/wp-content\/uploads\/2026\/01\/102.png\u00a0\u00bb title_text=\u00a0\u00bb102&Prime; url=\u00a0\u00bbhttps:\/\/maisonmaj.fr\/index.php\/soins-sur-mesure\/\u00a0\u00bb _builder_version=\u00a0\u00bb4.20.2&Prime; _module_preset=\u00a0\u00bbdefault\u00a0\u00bb global_colors_info=\u00a0\u00bb{}\u00a0\u00bb transform_styles__hover_enabled=\u00a0\u00bbon|hover\u00a0\u00bb transform_scale__hover_enabled=\u00a0\u00bbon|hover\u00a0\u00bb transform_translate__hover_enabled=\u00a0\u00bbon|desktop\u00a0\u00bb transform_rotate__hover_enabled=\u00a0\u00bbon|desktop\u00a0\u00bb transform_skew__hover_enabled=\u00a0\u00bbon|desktop\u00a0\u00bb transform_origin__hover_enabled=\u00a0\u00bbon|desktop\u00a0\u00bb transform_scale__hover=\u00a0\u00bb116%|116%\u00a0\u00bb][\/et_pb_image][\/et_pb_column][\/et_pb_row][et_pb_row _builder_version=\u00a0\u00bb4.20.2&Prime; _module_preset=\u00a0\u00bbdefault\u00a0\u00bb global_colors_info=\u00a0\u00bb{}\u00a0\u00bb][et_pb_column type=\u00a0\u00bb4_4&Prime; _builder_version=\u00a0\u00bb4.20.2&Prime; _module_preset=\u00a0\u00bbdefault\u00a0\u00bb global_colors_info=\u00a0\u00bb{}\u00a0\u00bb][et_pb_text _builder_version=\u00a0\u00bb4.20.2&Prime; _module_preset=\u00a0\u00bbdefault\u00a0\u00bb text_font=\u00a0\u00bbCormorant||on||||||\u00a0\u00bb text_font_size=\u00a0\u00bb28px\u00a0\u00bb text_orientation=\u00a0\u00bbright\u00a0\u00bb global_colors_info=\u00a0\u00bb{}\u00a0\u00bb]<\/p>\n<p>les d\u00e9couvrir<\/p>\n<p>[\/et_pb_text][\/et_pb_column][\/et_pb_row][\/et_pb_section]<\/p>\n","protected":false},"excerpt":{"rendered":"<p>NosSoins VisageUn voyage sensoriel d\u00e9di\u00e9 \u00e0 l\u2019\u00e9quilibre de votre visage. Ces soins combinent techniques manuelles expertes et technologies cibl\u00e9es pour purifier, r\u00e9g\u00e9n\u00e9rer et sublimer la peau.NosSoins Visage Un voyage sensoriel d\u00e9di\u00e9 \u00e0 l\u2019\u00e9quilibre de votre visage. Ces soins combinent techniques manuelles expertes et technologies cibl\u00e9es pour purifier, r\u00e9g\u00e9n\u00e9rer et sublimer la peau. Cliquez sur la [&hellip;]<\/p>\n","protected":false},"author":1,"featured_media":0,"parent":0,"menu_order":0,"comment_status":"closed","ping_status":"closed","template":"","meta":{"_et_pb_use_builder":"on","_et_pb_old_content":"","_et_gb_content_width":"","footnotes":""},"class_list":["post-37","page","type-page","status-publish","hentry"],"yoast_head":"<!-- This site is optimized with the Yoast SEO plugin v27.0 - https:\/\/yoast.com\/product\/yoast-seo-wordpress\/ -->\n<title>Nos Soins Visage - Maison M\u00e4J<\/title>\n<meta name=\"description\" content=\"Soins visage experts et personnalis\u00e9s, corn\u00e9oth\u00e9rapie et technologies avanc\u00e9es pour am\u00e9liorer durablement la sant\u00e9 et l\u2019\u00e9clat de votre peau.\" \/>\n<meta name=\"robots\" content=\"index, follow, max-snippet:-1, max-image-preview:large, max-video-preview:-1\" \/>\n<link rel=\"canonical\" href=\"https:\/\/maisonmaj.fr\/index.php\/nos-soins-visage\/\" \/>\n<meta property=\"og:locale\" content=\"fr_FR\" \/>\n<meta property=\"og:type\" content=\"article\" \/>\n<meta property=\"og:title\" content=\"Nos Soins Visage - Maison M\u00e4J\" \/>\n<meta property=\"og:description\" content=\"Soins visage experts et personnalis\u00e9s, corn\u00e9oth\u00e9rapie et technologies avanc\u00e9es pour am\u00e9liorer durablement la sant\u00e9 et l\u2019\u00e9clat de votre peau.\" \/>\n<meta property=\"og:url\" content=\"https:\/\/maisonmaj.fr\/index.php\/nos-soins-visage\/\" \/>\n<meta property=\"og:site_name\" content=\"Maison M\u00e4J\" \/>\n<meta property=\"article:modified_time\" content=\"2026-02-20T10:18:41+00:00\" \/>\n<meta name=\"twitter:card\" content=\"summary_large_image\" \/>\n<meta name=\"twitter:label1\" content=\"Dur\u00e9e de lecture estim\u00e9e\" \/>\n\t<meta name=\"twitter:data1\" content=\"2 minutes\" \/>\n<script type=\"application\/ld+json\" class=\"yoast-schema-graph\">{\"@context\":\"https:\/\/schema.org\",\"@graph\":[{\"@type\":\"WebPage\",\"@id\":\"https:\/\/maisonmaj.fr\/index.php\/nos-soins-visage\/\",\"url\":\"https:\/\/maisonmaj.fr\/index.php\/nos-soins-visage\/\",\"name\":\"Nos Soins Visage - Maison M\u00e4J\",\"isPartOf\":{\"@id\":\"https:\/\/maisonmaj.fr\/#website\"},\"datePublished\":\"2025-12-10T15:18:28+00:00\",\"dateModified\":\"2026-02-20T10:18:41+00:00\",\"description\":\"Soins visage experts et personnalis\u00e9s, corn\u00e9oth\u00e9rapie et technologies avanc\u00e9es pour am\u00e9liorer durablement la sant\u00e9 et l\u2019\u00e9clat de votre peau.\",\"breadcrumb\":{\"@id\":\"https:\/\/maisonmaj.fr\/index.php\/nos-soins-visage\/#breadcrumb\"},\"inLanguage\":\"fr-FR\",\"potentialAction\":[{\"@type\":\"ReadAction\",\"target\":[\"https:\/\/maisonmaj.fr\/index.php\/nos-soins-visage\/\"]}]},{\"@type\":\"BreadcrumbList\",\"@id\":\"https:\/\/maisonmaj.fr\/index.php\/nos-soins-visage\/#breadcrumb\",\"itemListElement\":[{\"@type\":\"ListItem\",\"position\":1,\"name\":\"Accueil\",\"item\":\"https:\/\/maisonmaj.fr\/\"},{\"@type\":\"ListItem\",\"position\":2,\"name\":\"Nos Soins Visage\"}]},{\"@type\":\"WebSite\",\"@id\":\"https:\/\/maisonmaj.fr\/#website\",\"url\":\"https:\/\/maisonmaj.fr\/\",\"name\":\"Maison M\u00e4J\",\"description\":\"\",\"publisher\":{\"@id\":\"https:\/\/maisonmaj.fr\/#organization\"},\"potentialAction\":[{\"@type\":\"SearchAction\",\"target\":{\"@type\":\"EntryPoint\",\"urlTemplate\":\"https:\/\/maisonmaj.fr\/?s={search_term_string}\"},\"query-input\":{\"@type\":\"PropertyValueSpecification\",\"valueRequired\":true,\"valueName\":\"search_term_string\"}}],\"inLanguage\":\"fr-FR\"},{\"@type\":\"Organization\",\"@id\":\"https:\/\/maisonmaj.fr\/#organization\",\"name\":\"Maison M\u00e4J\",\"url\":\"https:\/\/maisonmaj.fr\/\",\"logo\":{\"@type\":\"ImageObject\",\"inLanguage\":\"fr-FR\",\"@id\":\"https:\/\/maisonmaj.fr\/#\/schema\/logo\/image\/\",\"url\":\"http:\/\/maisonmaj.fr\/wp-content\/uploads\/2025\/12\/SITE-MAJ-63.png\",\"contentUrl\":\"http:\/\/maisonmaj.fr\/wp-content\/uploads\/2025\/12\/SITE-MAJ-63.png\",\"width\":1366,\"height\":768,\"caption\":\"Maison M\u00e4J\"},\"image\":{\"@id\":\"https:\/\/maisonmaj.fr\/#\/schema\/logo\/image\/\"},\"sameAs\":[\"https:\/\/www.instagram.com\/maj.maisondebeaut\u00e9\"]}]}<\/script>\n<!-- \/ Yoast SEO plugin. -->","yoast_head_json":{"title":"Nos Soins Visage - Maison M\u00e4J","description":"Soins visage experts et personnalis\u00e9s, corn\u00e9oth\u00e9rapie et technologies avanc\u00e9es pour am\u00e9liorer durablement la sant\u00e9 et l\u2019\u00e9clat de votre peau.","robots":{"index":"index","follow":"follow","max-snippet":"max-snippet:-1","max-image-preview":"max-image-preview:large","max-video-preview":"max-video-preview:-1"},"canonical":"https:\/\/maisonmaj.fr\/index.php\/nos-soins-visage\/","og_locale":"fr_FR","og_type":"article","og_title":"Nos Soins Visage - Maison M\u00e4J","og_description":"Soins visage experts et personnalis\u00e9s, corn\u00e9oth\u00e9rapie et technologies avanc\u00e9es pour am\u00e9liorer durablement la sant\u00e9 et l\u2019\u00e9clat de votre peau.","og_url":"https:\/\/maisonmaj.fr\/index.php\/nos-soins-visage\/","og_site_name":"Maison M\u00e4J","article_modified_time":"2026-02-20T10:18:41+00:00","twitter_card":"summary_large_image","twitter_misc":{"Dur\u00e9e de lecture estim\u00e9e":"2 minutes"},"schema":{"@context":"https:\/\/schema.org","@graph":[{"@type":"WebPage","@id":"https:\/\/maisonmaj.fr\/index.php\/nos-soins-visage\/","url":"https:\/\/maisonmaj.fr\/index.php\/nos-soins-visage\/","name":"Nos Soins Visage - Maison M\u00e4J","isPartOf":{"@id":"https:\/\/maisonmaj.fr\/#website"},"datePublished":"2025-12-10T15:18:28+00:00","dateModified":"2026-02-20T10:18:41+00:00","description":"Soins visage experts et personnalis\u00e9s, corn\u00e9oth\u00e9rapie et technologies avanc\u00e9es pour am\u00e9liorer durablement la sant\u00e9 et l\u2019\u00e9clat de votre peau.","breadcrumb":{"@id":"https:\/\/maisonmaj.fr\/index.php\/nos-soins-visage\/#breadcrumb"},"inLanguage":"fr-FR","potentialAction":[{"@type":"ReadAction","target":["https:\/\/maisonmaj.fr\/index.php\/nos-soins-visage\/"]}]},{"@type":"BreadcrumbList","@id":"https:\/\/maisonmaj.fr\/index.php\/nos-soins-visage\/#breadcrumb","itemListElement":[{"@type":"ListItem","position":1,"name":"Accueil","item":"https:\/\/maisonmaj.fr\/"},{"@type":"ListItem","position":2,"name":"Nos Soins Visage"}]},{"@type":"WebSite","@id":"https:\/\/maisonmaj.fr\/#website","url":"https:\/\/maisonmaj.fr\/","name":"Maison M\u00e4J","description":"","publisher":{"@id":"https:\/\/maisonmaj.fr\/#organization"},"potentialAction":[{"@type":"SearchAction","target":{"@type":"EntryPoint","urlTemplate":"https:\/\/maisonmaj.fr\/?s={search_term_string}"},"query-input":{"@type":"PropertyValueSpecification","valueRequired":true,"valueName":"search_term_string"}}],"inLanguage":"fr-FR"},{"@type":"Organization","@id":"https:\/\/maisonmaj.fr\/#organization","name":"Maison M\u00e4J","url":"https:\/\/maisonmaj.fr\/","logo":{"@type":"ImageObject","inLanguage":"fr-FR","@id":"https:\/\/maisonmaj.fr\/#\/schema\/logo\/image\/","url":"http:\/\/maisonmaj.fr\/wp-content\/uploads\/2025\/12\/SITE-MAJ-63.png","contentUrl":"http:\/\/maisonmaj.fr\/wp-content\/uploads\/2025\/12\/SITE-MAJ-63.png","width":1366,"height":768,"caption":"Maison M\u00e4J"},"image":{"@id":"https:\/\/maisonmaj.fr\/#\/schema\/logo\/image\/"},"sameAs":["https:\/\/www.instagram.com\/maj.maisondebeaut\u00e9"]}]}},"_links":{"self":[{"href":"http:\/\/maisonmaj.fr\/index.php\/wp-json\/wp\/v2\/pages\/37","targetHints":{"allow":["GET"]}}],"collection":[{"href":"http:\/\/maisonmaj.fr\/index.php\/wp-json\/wp\/v2\/pages"}],"about":[{"href":"http:\/\/maisonmaj.fr\/index.php\/wp-json\/wp\/v2\/types\/page"}],"author":[{"embeddable":true,"href":"http:\/\/maisonmaj.fr\/index.php\/wp-json\/wp\/v2\/users\/1"}],"replies":[{"embeddable":true,"href":"http:\/\/maisonmaj.fr\/index.php\/wp-json\/wp\/v2\/comments?post=37"}],"version-history":[{"count":22,"href":"http:\/\/maisonmaj.fr\/index.php\/wp-json\/wp\/v2\/pages\/37\/revisions"}],"predecessor-version":[{"id":717,"href":"http:\/\/maisonmaj.fr\/index.php\/wp-json\/wp\/v2\/pages\/37\/revisions\/717"}],"wp:attachment":[{"href":"http:\/\/maisonmaj.fr\/index.php\/wp-json\/wp\/v2\/media?parent=37"}],"curies":[{"name":"wp","href":"https:\/\/api.w.org\/{rel}","templated":true}]}}