{"id":107,"date":"2025-12-11T08:53:44","date_gmt":"2025-12-11T08:53:44","guid":{"rendered":"https:\/\/maisonmaj.fr\/?page_id=107"},"modified":"2026-01-13T10:00:43","modified_gmt":"2026-01-13T10:00:43","slug":"la-beaute","status":"publish","type":"page","link":"http:\/\/maisonmaj.fr\/index.php\/la-beaute\/","title":{"rendered":"La Beaut\u00e9"},"content":{"rendered":"<p>[et_pb_section fb_built=\u00a0\u00bb1&Prime; disabled_on=\u00a0\u00bbon|on|off\u00a0\u00bb _builder_version=\u00a0\u00bb4.20.2&Prime; _module_preset=\u00a0\u00bbdefault\u00a0\u00bb background_image=\u00a0\u00bbhttp:\/\/maisonmaj.fr\/wp-content\/uploads\/2025\/11\/SITE-MAJ-1.png\u00a0\u00bb background_last_edited=\u00a0\u00bbon|phone\u00a0\u00bb background_image_phone=\u00a0\u00bbhttp:\/\/maisonmaj.fr\/wp-content\/uploads\/2025\/12\/SITE-MAJ-10.png\u00a0\u00bb background_enable_image_phone=\u00a0\u00bbon\u00a0\u00bb global_colors_info=\u00a0\u00bb{}\u00a0\u00bb][et_pb_row column_structure=\u00a0\u00bb1_2,1_2&Prime; _builder_version=\u00a0\u00bb4.20.2&Prime; _module_preset=\u00a0\u00bbdefault\u00a0\u00bb global_colors_info=\u00a0\u00bb{}\u00a0\u00bb][et_pb_column type=\u00a0\u00bb1_2&Prime; _builder_version=\u00a0\u00bb4.20.2&Prime; _module_preset=\u00a0\u00bbdefault\u00a0\u00bb global_colors_info=\u00a0\u00bb{}\u00a0\u00bb][et_pb_text _builder_version=\u00a0\u00bb4.20.2&Prime; _module_preset=\u00a0\u00bbdefault\u00a0\u00bb header_font_size=\u00a0\u00bb60px\u00a0\u00bb header_font_size_tablet=\u00a0\u00bb60px\u00a0\u00bb header_font_size_phone=\u00a0\u00bb60px\u00a0\u00bb header_font_size_last_edited=\u00a0\u00bbon|desktop\u00a0\u00bb global_colors_info=\u00a0\u00bb{}\u00a0\u00bb]<\/p>\n<h1>Beaut\u00e9<br \/><em>du Regard<\/em><\/h1>\n<p>[\/et_pb_text][et_pb_divider color=\u00a0\u00bb#C09234&Prime; _builder_version=\u00a0\u00bb4.20.2&Prime; _module_preset=\u00a0\u00bbdefault\u00a0\u00bb global_colors_info=\u00a0\u00bb{}\u00a0\u00bb][\/et_pb_divider][et_pb_text _builder_version=\u00a0\u00bb4.20.2&Prime; _module_preset=\u00a0\u00bbdefault\u00a0\u00bb custom_margin=\u00a0\u00bb274px||||false|false\u00a0\u00bb custom_margin_tablet=\u00a0\u00bb200px||||false|false\u00a0\u00bb custom_margin_phone=\u00a0\u00bb200px||||false|false\u00a0\u00bb custom_margin_last_edited=\u00a0\u00bbon|desktop\u00a0\u00bb global_colors_info=\u00a0\u00bb{}\u00a0\u00bb]<\/p>\n<p class=\"p2\" style=\"text-align: justify;\">Parce qu\u2019un regard peut tout changer.\u00a0 Une expression, une \u00e9motion : ici, nous sublimons la regard avec justesse et naturel\u2026<\/p>\n<p>[\/et_pb_text][\/et_pb_column][et_pb_column type=\u00a0\u00bb1_2&Prime; _builder_version=\u00a0\u00bb4.20.2&Prime; _module_preset=\u00a0\u00bbdefault\u00a0\u00bb global_colors_info=\u00a0\u00bb{}\u00a0\u00bb][et_pb_image src=\u00a0\u00bbhttp:\/\/maisonmaj.fr\/wp-content\/uploads\/2025\/12\/CDS-MAJ-23.png\u00a0\u00bb title_text=\u00a0\u00bbCDS MAJ (23)\u00a0\u00bb align=\u00a0\u00bbright\u00a0\u00bb disabled_on=\u00a0\u00bbon|off|off\u00a0\u00bb _builder_version=\u00a0\u00bb4.20.2&Prime; _module_preset=\u00a0\u00bbdefault\u00a0\u00bb custom_margin=\u00a0\u00bb-81px|-196px|-81px|0px|false|false\u00a0\u00bb custom_margin_tablet=\u00a0\u00bb-81px|-196px|-81px|0px|false|false\u00a0\u00bb custom_margin_phone=\u00a0\u00bb-81px|-196px|-81px|0px|false|false\u00a0\u00bb custom_margin_last_edited=\u00a0\u00bbon|desktop\u00a0\u00bb global_colors_info=\u00a0\u00bb{}\u00a0\u00bb][\/et_pb_image][\/et_pb_column][\/et_pb_row][\/et_pb_section][et_pb_section fb_built=\u00a0\u00bb1&Prime; disabled_on=\u00a0\u00bboff|off|on\u00a0\u00bb _builder_version=\u00a0\u00bb4.20.2&Prime; _module_preset=\u00a0\u00bbdefault\u00a0\u00bb background_image=\u00a0\u00bbhttp:\/\/maisonmaj.fr\/wp-content\/uploads\/2025\/12\/SITE-MAJ-15.png\u00a0\u00bb global_colors_info=\u00a0\u00bb{}\u00a0\u00bb][et_pb_row column_structure=\u00a0\u00bb1_2,1_2&Prime; _builder_version=\u00a0\u00bb4.20.2&Prime; _module_preset=\u00a0\u00bbdefault\u00a0\u00bb global_colors_info=\u00a0\u00bb{}\u00a0\u00bb][et_pb_column type=\u00a0\u00bb1_2&Prime; _builder_version=\u00a0\u00bb4.20.2&Prime; _module_preset=\u00a0\u00bbdefault\u00a0\u00bb global_colors_info=\u00a0\u00bb{}\u00a0\u00bb][et_pb_text disabled_on=\u00a0\u00bboff|off|on\u00a0\u00bb _builder_version=\u00a0\u00bb4.20.2&Prime; _module_preset=\u00a0\u00bbdefault\u00a0\u00bb header_text_align=\u00a0\u00bbcenter\u00a0\u00bb header_text_color=\u00a0\u00bb#FFFFFF\u00a0\u00bb header_font_size=\u00a0\u00bb60px\u00a0\u00bb header_font_size_tablet=\u00a0\u00bb60px\u00a0\u00bb header_font_size_phone=\u00a0\u00bb60px\u00a0\u00bb header_font_size_last_edited=\u00a0\u00bbon|desktop\u00a0\u00bb global_colors_info=\u00a0\u00bb{}\u00a0\u00bb]<\/p>\n<h1>Beaut\u00e9<br \/><em>du Regard<\/em><\/h1>\n<p>[\/et_pb_text][et_pb_divider color=\u00a0\u00bb#FFFFFF\u00a0\u00bb _builder_version=\u00a0\u00bb4.20.2&Prime; _module_preset=\u00a0\u00bbdefault\u00a0\u00bb global_colors_info=\u00a0\u00bb{}\u00a0\u00bb][\/et_pb_divider][et_pb_text _builder_version=\u00a0\u00bb4.20.2&Prime; _module_preset=\u00a0\u00bbdefault\u00a0\u00bb custom_margin=\u00a0\u00bb289px||||false|false\u00a0\u00bb custom_margin_tablet=\u00a0\u00bb200px||||false|false\u00a0\u00bb custom_margin_phone=\u00a0\u00bb200px||||false|false\u00a0\u00bb custom_margin_last_edited=\u00a0\u00bbon|desktop\u00a0\u00bb global_colors_info=\u00a0\u00bb{}\u00a0\u00bb]<\/p>\n<p class=\"p1\" style=\"text-align: justify;\">Parce qu\u2019un regard peut tout changer.\u00a0 Une expression, une \u00e9motion : ici, nous sublimons la regard avec justesse et naturel\u2026<\/p>\n<p>[\/et_pb_text][\/et_pb_column][et_pb_column type=\u00a0\u00bb1_2&Prime; _builder_version=\u00a0\u00bb4.20.2&Prime; _module_preset=\u00a0\u00bbdefault\u00a0\u00bb global_colors_info=\u00a0\u00bb{}\u00a0\u00bb][\/et_pb_column][\/et_pb_row][\/et_pb_section][et_pb_section fb_built=\u00a0\u00bb1&Prime; custom_padding_last_edited=\u00a0\u00bbon|desktop\u00a0\u00bb _builder_version=\u00a0\u00bb4.20.2&Prime; _module_preset=\u00a0\u00bbdefault\u00a0\u00bb background_color=\u00a0\u00bb#FAF5EF\u00a0\u00bb custom_margin=\u00a0\u00bb20px|20px|20px|20px|true|true\u00a0\u00bb custom_margin_tablet=\u00a0\u00bb20px|20px|20px|20px|true|true\u00a0\u00bb custom_margin_phone=\u00a0\u00bb20px|20px|20px|20px|true|true\u00a0\u00bb custom_margin_last_edited=\u00a0\u00bbon|desktop\u00a0\u00bb custom_padding=\u00a0\u00bb||||true\u00a0\u00bb custom_padding_tablet=\u00a0\u00bb||||true\u00a0\u00bb custom_padding_phone=\u00a0\u00bb||||true\u00a0\u00bb global_colors_info=\u00a0\u00bb{}\u00a0\u00bb][et_pb_row _builder_version=\u00a0\u00bb4.20.2&Prime; _module_preset=\u00a0\u00bbdefault\u00a0\u00bb global_colors_info=\u00a0\u00bb{}\u00a0\u00bb][et_pb_column type=\u00a0\u00bb4_4&Prime; _builder_version=\u00a0\u00bb4.20.2&Prime; _module_preset=\u00a0\u00bbdefault\u00a0\u00bb global_colors_info=\u00a0\u00bb{}\u00a0\u00bb][et_pb_image src=\u00a0\u00bbhttp:\/\/maisonmaj.fr\/wp-content\/uploads\/2025\/12\/SITE-MAJ-17.png\u00a0\u00bb title_text=\u00a0\u00bbSITE MAJ (17)\u00a0\u00bb disabled_on=\u00a0\u00bbon|on|off\u00a0\u00bb _builder_version=\u00a0\u00bb4.20.2&Prime; _module_preset=\u00a0\u00bbdefault\u00a0\u00bb global_colors_info=\u00a0\u00bb{}\u00a0\u00bb][\/et_pb_image][\/et_pb_column][\/et_pb_row][et_pb_row disabled_on=\u00a0\u00bboff|off|on\u00a0\u00bb _builder_version=\u00a0\u00bb4.20.2&Prime; _module_preset=\u00a0\u00bbdefault\u00a0\u00bb global_colors_info=\u00a0\u00bb{}\u00a0\u00bb][et_pb_column type=\u00a0\u00bb4_4&Prime; _builder_version=\u00a0\u00bb4.20.2&Prime; _module_preset=\u00a0\u00bbdefault\u00a0\u00bb global_colors_info=\u00a0\u00bb{}\u00a0\u00bb][et_pb_text _builder_version=\u00a0\u00bb4.20.2&Prime; _module_preset=\u00a0\u00bbdefault\u00a0\u00bb global_colors_info=\u00a0\u00bb{}\u00a0\u00bb]<\/p>\n<p class=\"p2\" style=\"text-align: center;\"><strong>Teinture des cils<\/strong><br \/>20 min \u00b7 21\u20ac<\/p>\n<p class=\"p2\" style=\"text-align: center;\"><strong>Teinture des sourcils<\/strong><br \/>15 min \u00b7 21\u20ac<\/p>\n<p class=\"p2\" style=\"text-align: center;\"><strong>Teinture cils + sourcils<\/strong><br \/>20 min \u00b7 35\u20ac<\/p>\n<p class=\"p2\" style=\"text-align: center;\"><strong>Teinture sourcils + \u00e9pilation sourcils<\/strong><br \/>20 min \u00b7 28\u20ac<\/p>\n<p class=\"p2\" style=\"text-align: center;\"><strong>Rehaussement des cils<\/strong><br \/>50 min \u00b7 65\u20ac<\/p>\n<p class=\"p2\" style=\"text-align: center;\"><strong>Rehaussement des cils + teinture des cils<\/strong><br \/>70 min \u00b7 80\u20ac<\/p>\n<p>[\/et_pb_text][\/et_pb_column][\/et_pb_row][et_pb_row _builder_version=\u00a0\u00bb4.20.2&Prime; _module_preset=\u00a0\u00bbdefault\u00a0\u00bb global_colors_info=\u00a0\u00bb{}\u00a0\u00bb][et_pb_column type=\u00a0\u00bb4_4&Prime; _builder_version=\u00a0\u00bb4.20.2&Prime; _module_preset=\u00a0\u00bbdefault\u00a0\u00bb global_colors_info=\u00a0\u00bb{}\u00a0\u00bb][et_pb_button button_url=\u00a0\u00bbhttps:\/\/onlinebooking.ikosoft.com\/F5D7937E2E927632C51200031\/FRA?imageTheme=1&#038;offerService=False\u00a0\u00bb button_text=\u00a0\u00bbJe r\u00e9serve\u00a0\u00bb button_alignment=\u00a0\u00bbcenter\u00a0\u00bb _builder_version=\u00a0\u00bb4.20.2&Prime; _module_preset=\u00a0\u00bbdefault\u00a0\u00bb custom_button=\u00a0\u00bbon\u00a0\u00bb button_text_size=\u00a0\u00bb16px\u00a0\u00bb button_text_color=\u00a0\u00bb#FFFFFF\u00a0\u00bb button_bg_color=\u00a0\u00bb#C09234&Prime; button_border_width=\u00a0\u00bb0px\u00a0\u00bb button_border_radius=\u00a0\u00bb100px\u00a0\u00bb button_font=\u00a0\u00bb||||on|||RGBA(255,255,255,0)|\u00a0\u00bb hover_enabled=\u00a0\u00bb0&Prime; global_colors_info=\u00a0\u00bb{}\u00a0\u00bb sticky_enabled=\u00a0\u00bb0&Prime;][\/et_pb_button][\/et_pb_column][\/et_pb_row][\/et_pb_section]<\/p>\n","protected":false},"excerpt":{"rendered":"<p>Beaut\u00e9du RegardParce qu\u2019un regard peut tout changer.\u00a0 Une expression, une \u00e9motion : ici, nous sublimons la regard avec justesse et naturel\u2026Beaut\u00e9du RegardParce qu\u2019un regard peut tout changer.\u00a0 Une expression, une \u00e9motion : ici, nous sublimons la regard avec justesse et naturel\u2026Teinture des cils20 min \u00b7 21\u20ac Teinture des sourcils15 min \u00b7 21\u20ac Teinture cils + [&hellip;]<\/p>\n","protected":false},"author":1,"featured_media":0,"parent":0,"menu_order":0,"comment_status":"closed","ping_status":"closed","template":"","meta":{"_et_pb_use_builder":"on","_et_pb_old_content":"","_et_gb_content_width":"","footnotes":""},"class_list":["post-107","page","type-page","status-publish","hentry"],"yoast_head":"<!-- This site is optimized with the Yoast SEO plugin v27.0 - https:\/\/yoast.com\/product\/yoast-seo-wordpress\/ -->\n<title>La Beaut\u00e9 - Maison M\u00e4J<\/title>\n<meta name=\"description\" content=\"Beaut\u00e9 du regard, maquillage et soins cibl\u00e9s pour sublimer naturellement le visage et r\u00e9v\u00e9ler l\u2019\u00e9clat de chaque femme.\" \/>\n<meta name=\"robots\" content=\"index, follow, max-snippet:-1, max-image-preview:large, max-video-preview:-1\" \/>\n<link rel=\"canonical\" href=\"https:\/\/maisonmaj.fr\/index.php\/la-beaute\/\" \/>\n<meta property=\"og:locale\" content=\"fr_FR\" \/>\n<meta property=\"og:type\" content=\"article\" \/>\n<meta property=\"og:title\" content=\"La Beaut\u00e9 - Maison M\u00e4J\" \/>\n<meta property=\"og:description\" content=\"Beaut\u00e9 du regard, maquillage et soins cibl\u00e9s pour sublimer naturellement le visage et r\u00e9v\u00e9ler l\u2019\u00e9clat de chaque femme.\" \/>\n<meta property=\"og:url\" content=\"https:\/\/maisonmaj.fr\/index.php\/la-beaute\/\" \/>\n<meta property=\"og:site_name\" content=\"Maison M\u00e4J\" \/>\n<meta property=\"article:modified_time\" content=\"2026-01-13T10:00:43+00:00\" \/>\n<meta name=\"twitter:card\" content=\"summary_large_image\" \/>\n<meta name=\"twitter:label1\" content=\"Dur\u00e9e de lecture estim\u00e9e\" \/>\n\t<meta name=\"twitter:data1\" content=\"1 minute\" \/>\n<script type=\"application\/ld+json\" class=\"yoast-schema-graph\">{\"@context\":\"https:\/\/schema.org\",\"@graph\":[{\"@type\":\"WebPage\",\"@id\":\"https:\/\/maisonmaj.fr\/index.php\/la-beaute\/\",\"url\":\"https:\/\/maisonmaj.fr\/index.php\/la-beaute\/\",\"name\":\"La Beaut\u00e9 - Maison M\u00e4J\",\"isPartOf\":{\"@id\":\"https:\/\/maisonmaj.fr\/#website\"},\"datePublished\":\"2025-12-11T08:53:44+00:00\",\"dateModified\":\"2026-01-13T10:00:43+00:00\",\"description\":\"Beaut\u00e9 du regard, maquillage et soins cibl\u00e9s pour sublimer naturellement le visage et r\u00e9v\u00e9ler l\u2019\u00e9clat de chaque femme.\",\"breadcrumb\":{\"@id\":\"https:\/\/maisonmaj.fr\/index.php\/la-beaute\/#breadcrumb\"},\"inLanguage\":\"fr-FR\",\"potentialAction\":[{\"@type\":\"ReadAction\",\"target\":[\"https:\/\/maisonmaj.fr\/index.php\/la-beaute\/\"]}]},{\"@type\":\"BreadcrumbList\",\"@id\":\"https:\/\/maisonmaj.fr\/index.php\/la-beaute\/#breadcrumb\",\"itemListElement\":[{\"@type\":\"ListItem\",\"position\":1,\"name\":\"Accueil\",\"item\":\"https:\/\/maisonmaj.fr\/\"},{\"@type\":\"ListItem\",\"position\":2,\"name\":\"La Beaut\u00e9\"}]},{\"@type\":\"WebSite\",\"@id\":\"https:\/\/maisonmaj.fr\/#website\",\"url\":\"https:\/\/maisonmaj.fr\/\",\"name\":\"Maison M\u00e4J\",\"description\":\"\",\"publisher\":{\"@id\":\"https:\/\/maisonmaj.fr\/#organization\"},\"potentialAction\":[{\"@type\":\"SearchAction\",\"target\":{\"@type\":\"EntryPoint\",\"urlTemplate\":\"https:\/\/maisonmaj.fr\/?s={search_term_string}\"},\"query-input\":{\"@type\":\"PropertyValueSpecification\",\"valueRequired\":true,\"valueName\":\"search_term_string\"}}],\"inLanguage\":\"fr-FR\"},{\"@type\":\"Organization\",\"@id\":\"https:\/\/maisonmaj.fr\/#organization\",\"name\":\"Maison M\u00e4J\",\"url\":\"https:\/\/maisonmaj.fr\/\",\"logo\":{\"@type\":\"ImageObject\",\"inLanguage\":\"fr-FR\",\"@id\":\"https:\/\/maisonmaj.fr\/#\/schema\/logo\/image\/\",\"url\":\"http:\/\/maisonmaj.fr\/wp-content\/uploads\/2025\/12\/SITE-MAJ-63.png\",\"contentUrl\":\"http:\/\/maisonmaj.fr\/wp-content\/uploads\/2025\/12\/SITE-MAJ-63.png\",\"width\":1366,\"height\":768,\"caption\":\"Maison M\u00e4J\"},\"image\":{\"@id\":\"https:\/\/maisonmaj.fr\/#\/schema\/logo\/image\/\"},\"sameAs\":[\"https:\/\/www.instagram.com\/maj.maisondebeaut\u00e9\"]}]}<\/script>\n<!-- \/ Yoast SEO plugin. -->","yoast_head_json":{"title":"La Beaut\u00e9 - Maison M\u00e4J","description":"Beaut\u00e9 du regard, maquillage et soins cibl\u00e9s pour sublimer naturellement le visage et r\u00e9v\u00e9ler l\u2019\u00e9clat de chaque femme.","robots":{"index":"index","follow":"follow","max-snippet":"max-snippet:-1","max-image-preview":"max-image-preview:large","max-video-preview":"max-video-preview:-1"},"canonical":"https:\/\/maisonmaj.fr\/index.php\/la-beaute\/","og_locale":"fr_FR","og_type":"article","og_title":"La Beaut\u00e9 - Maison M\u00e4J","og_description":"Beaut\u00e9 du regard, maquillage et soins cibl\u00e9s pour sublimer naturellement le visage et r\u00e9v\u00e9ler l\u2019\u00e9clat de chaque femme.","og_url":"https:\/\/maisonmaj.fr\/index.php\/la-beaute\/","og_site_name":"Maison M\u00e4J","article_modified_time":"2026-01-13T10:00:43+00:00","twitter_card":"summary_large_image","twitter_misc":{"Dur\u00e9e de lecture estim\u00e9e":"1 minute"},"schema":{"@context":"https:\/\/schema.org","@graph":[{"@type":"WebPage","@id":"https:\/\/maisonmaj.fr\/index.php\/la-beaute\/","url":"https:\/\/maisonmaj.fr\/index.php\/la-beaute\/","name":"La Beaut\u00e9 - Maison M\u00e4J","isPartOf":{"@id":"https:\/\/maisonmaj.fr\/#website"},"datePublished":"2025-12-11T08:53:44+00:00","dateModified":"2026-01-13T10:00:43+00:00","description":"Beaut\u00e9 du regard, maquillage et soins cibl\u00e9s pour sublimer naturellement le visage et r\u00e9v\u00e9ler l\u2019\u00e9clat de chaque femme.","breadcrumb":{"@id":"https:\/\/maisonmaj.fr\/index.php\/la-beaute\/#breadcrumb"},"inLanguage":"fr-FR","potentialAction":[{"@type":"ReadAction","target":["https:\/\/maisonmaj.fr\/index.php\/la-beaute\/"]}]},{"@type":"BreadcrumbList","@id":"https:\/\/maisonmaj.fr\/index.php\/la-beaute\/#breadcrumb","itemListElement":[{"@type":"ListItem","position":1,"name":"Accueil","item":"https:\/\/maisonmaj.fr\/"},{"@type":"ListItem","position":2,"name":"La Beaut\u00e9"}]},{"@type":"WebSite","@id":"https:\/\/maisonmaj.fr\/#website","url":"https:\/\/maisonmaj.fr\/","name":"Maison M\u00e4J","description":"","publisher":{"@id":"https:\/\/maisonmaj.fr\/#organization"},"potentialAction":[{"@type":"SearchAction","target":{"@type":"EntryPoint","urlTemplate":"https:\/\/maisonmaj.fr\/?s={search_term_string}"},"query-input":{"@type":"PropertyValueSpecification","valueRequired":true,"valueName":"search_term_string"}}],"inLanguage":"fr-FR"},{"@type":"Organization","@id":"https:\/\/maisonmaj.fr\/#organization","name":"Maison M\u00e4J","url":"https:\/\/maisonmaj.fr\/","logo":{"@type":"ImageObject","inLanguage":"fr-FR","@id":"https:\/\/maisonmaj.fr\/#\/schema\/logo\/image\/","url":"http:\/\/maisonmaj.fr\/wp-content\/uploads\/2025\/12\/SITE-MAJ-63.png","contentUrl":"http:\/\/maisonmaj.fr\/wp-content\/uploads\/2025\/12\/SITE-MAJ-63.png","width":1366,"height":768,"caption":"Maison M\u00e4J"},"image":{"@id":"https:\/\/maisonmaj.fr\/#\/schema\/logo\/image\/"},"sameAs":["https:\/\/www.instagram.com\/maj.maisondebeaut\u00e9"]}]}},"_links":{"self":[{"href":"http:\/\/maisonmaj.fr\/index.php\/wp-json\/wp\/v2\/pages\/107","targetHints":{"allow":["GET"]}}],"collection":[{"href":"http:\/\/maisonmaj.fr\/index.php\/wp-json\/wp\/v2\/pages"}],"about":[{"href":"http:\/\/maisonmaj.fr\/index.php\/wp-json\/wp\/v2\/types\/page"}],"author":[{"embeddable":true,"href":"http:\/\/maisonmaj.fr\/index.php\/wp-json\/wp\/v2\/users\/1"}],"replies":[{"embeddable":true,"href":"http:\/\/maisonmaj.fr\/index.php\/wp-json\/wp\/v2\/comments?post=107"}],"version-history":[{"count":9,"href":"http:\/\/maisonmaj.fr\/index.php\/wp-json\/wp\/v2\/pages\/107\/revisions"}],"predecessor-version":[{"id":640,"href":"http:\/\/maisonmaj.fr\/index.php\/wp-json\/wp\/v2\/pages\/107\/revisions\/640"}],"wp:attachment":[{"href":"http:\/\/maisonmaj.fr\/index.php\/wp-json\/wp\/v2\/media?parent=107"}],"curies":[{"name":"wp","href":"https:\/\/api.w.org\/{rel}","templated":true}]}}